{"id":251,"date":"2025-03-11T08:51:35","date_gmt":"2025-03-11T08:51:35","guid":{"rendered":"https:\/\/growcap.nl\/growcap\/"},"modified":"2026-03-28T12:17:11","modified_gmt":"2026-03-28T12:17:11","slug":"growcap","status":"publish","type":"page","link":"https:\/\/growcap.nl\/de\/growcap\/","title":{"rendered":"Wie funktioniert Growcap?"},"content":{"rendered":"<p>[et_pb_section fb_built=\u201c1&#8243; admin_label=\u201cHero\u201c _builder_version=\u201c4.27.4&#8243; _module_preset=\u201c74c69059-8e69-4122-b1e6-dfeabf6c5711&#8243; background_color=\u201c#f7f7f7&#8243; use_background_color_gradient=\u201con\u201c background_color_gradient_stops=\u201crgba(0,0,0,0.6) 90%|rgba(0,0,0,0.9) 100%\u201c background_color_gradient_overlays_image=\u201con\u201c background_color_gradient_start=\u201crgba(0,0,0,0.5)\u201c background_color_gradient_end=\u201crgba(0,0,0,0.75)\u201c background_image=\u201chttps:\/\/growcap.nl\/wp-content\/uploads\/2025\/11\/brookstone-foto-scaled.jpg\u201c background_position=\u201ccenter_left\u201c max_height=\u201c1000px\u201c custom_margin=\u201c||0px||false|false\u201c custom_padding=\u201c5vw||5vw||true|false\u201c locked=\u201coff\u201c collapsed=\u201con\u201c global_colors_info=\u201c{}\u201c][et_pb_row column_structure=\u201c2_3,1_3&#8243; _builder_version=\u201c4.27.4&#8243; _module_preset=\u201c5138c454-be54-4233-bd3b-f8e6a8747976&#8243; custom_margin=\u201c9px||||false|false\u201c global_colors_info=\u201c{}\u201c][et_pb_column type=\u201c2_3&#8243; _builder_version=\u201c4.16&#8243; _module_preset=\u201c73121f80-a3ef-4484-8763-c3f18e3c56d2&#8243; global_colors_info=\u201c{}\u201c][et_pb_heading title=\u201c100 % nat\u00fcrlich\u201c _builder_version=\u201c4.27.4&#8243; _module_preset=\u201cf0c675ea-2574-4d0e-b725-30f8550a8550&#8243; title_level=\u201ch4&#8243; title_font=\u201cPoppins|Abril Fatface_weight||on|||||\u201c title_text_color=\u201c#FFFFFF\u201c title_font_size=\u201c14px\u201c title_letter_spacing=\u201c1px\u201c title_line_height=\u201c1.4em\u201c custom_margin=\u201c||10px||false|false\u201c title_font_size_tablet=\u201c13px\u201c title_font_size_phone=\u201c13px\u201c title_font_size_last_edited=\u201con|desktop\u201c locked=\u201coff\u201c global_colors_info=\u201c{}\u201c][\/et_pb_heading][et_pb_heading title=\u201cWie funktioniert Growcap?\u201c _builder_version=\u201c4.24.2&#8243; _module_preset=\u201cddeb8c09-9078-4424-bc15-2efb6572e28e\u201c title_font=\u201cAbril Fatface|Abril Fatface_weight|||||||\u201c title_text_color=\u201c#FFFFFF\u201c title_font_size=\u201c72px\u201c title_line_height=\u201c1.15em\u201c title_font_size_tablet=\u201c40px\u201c title_font_size_phone=\u201c24px\u201c title_font_size_last_edited=\u201con|phone\u201c locked=\u201coff\u201c global_colors_info=\u201c{}\u201c][\/et_pb_heading][et_pb_text quote_border_color=\u201c#FFFFFF\u201c _builder_version=\u201c4.27.4&#8243; _module_preset=\u201c0504de1e-f5ff-4281-ba60-cbbe4edf98bc\u201c text_font=\u201cPoppins|Poppins_weight|||||||\u201c text_text_color=\u201c#FFFFFF\u201c text_line_height=\u201c1.75em\u201c link_font=\u201c||||on||||\u201c link_text_color=\u201c#FFFFFF\u201c quote_font=\u201cAbril Fatface|Abril Fatface_weight|||||||\u201c quote_text_color=\u201c#FFFFFF\u201c header_font=\u201cAbril Fatface|Abril Fatface_weight|||||||\u201c header_text_color=\u201c#FFFFFF\u201c header_font_size=\u201c72px\u201c header_line_height=\u201c1.15em\u201c header_2_font=\u201cAbril Fatface|Abril Fatface_weight|||||||\u201c header_2_text_color=\u201c#FFFFFF\u201c header_2_font_size=\u201c50px\u201c header_2_line_height=\u201c1.2em\u201c header_3_font=\u201cAbril Fatface|Abril Fatface_weight|||||||\u201c header_3_text_color=\u201c#FFFFFF\u201c header_3_font_size=\u201c32px\u201c header_3_line_height=\u201c1.3em\u201c header_4_font=\u201cAbril Fatface|Abril Fatface_weight|||||||\u201c header_4_text_color=\u201c#FFFFFF\u201c header_4_font_size=\u201c24px\u201c header_4_line_height=\u201c1.4em\u201c header_5_font=\u201cAbril Fatface|Abril Fatface_weight|||||||\u201c header_5_text_color=\u201c#FFFFFF\u201c header_5_font_size=\u201c18px\u201c header_5_line_height=\u201c1.4em\u201c header_6_font=\u201cAbril Fatface|Abril Fatface_weight|||||||\u201c header_6_text_color=\u201c#FFFFFF\u201c header_6_line_height=\u201c1.5em\u201c custom_margin=\u201c||||false|false\u201c text_font_size_tablet=\u201c15px\u201c text_font_size_phone=\u201c14px\u201c text_font_size_last_edited=\u201con|phone\u201c header_font_size_tablet=\u201c40px\u201c header_font_size_phone=\u201c24px\u201c header_font_size_last_edited=\u201con|desktop\u201c header_2_font_size_tablet=\u201c28px\u201c header_2_font_size_phone=\u201c20px\u201c header_2_font_size_last_edited=\u201con|phone\u201c header_3_font_size_tablet=\u201c22px\u201c header_3_font_size_phone=\u201c17px\u201c header_3_font_size_last_edited=\u201con|phone\u201c header_4_font_size_tablet=\u201c18px\u201c header_4_font_size_phone=\u201c15px\u201c header_4_font_size_last_edited=\u201con|tablet\u201c header_5_font_size_tablet=\u201c15px\u201c header_5_font_size_phone=\u201c14px\u201c header_5_font_size_last_edited=\u201con|desktop\u201c header_6_font_size_tablet=\u201c13px\u201c header_6_font_size_phone=\u201c13px\u201c header_6_font_size_last_edited=\u201con|desktop\u201c locked=\u201coff\u201c global_colors_info=\u201c{}\u201c]<\/p>\n<p>Erfahren Sie alles \u00fcber die Funktionsweise der Growcap-Formel<\/p>\n<p>[\/et_pb_text][\/et_pb_column][et_pb_column type=\u201c1_3&#8243; _builder_version=\u201c4.16&#8243; _module_preset=\u201c73121f80-a3ef-4484-8763-c3f18e3c56d2&#8243; global_colors_info=\u201c{}\u201c][\/et_pb_column][\/et_pb_row][\/et_pb_section][et_pb_section fb_built=\u201c1&#8243; _builder_version=\u201c4.27.4&#8243; _module_preset=\u201cdefault\u201c background_color=\u201c#f7f7f7&#8243; min_height=\u201c2952.5px\u201c custom_margin=\u201c-7px|||||\u201c custom_padding=\u201c0px|||||\u201c global_colors_info=\u201c{}\u201c][et_pb_row _builder_version=\u201c4.27.4&#8243; _dynamic_attributes=\u201clink_option_url\u201c _module_preset=\u201cdefault\u201c link_option_url=\u201c@ET-DC@eyJkeW5hbWljIjp0cnVlLCJjb250ZW50IjoicG9zdF9tZXRhX2tleSIsInNldHRpbmdzIjp7ImJlZm9yZSI6IiIsImFmdGVyIjoiIiwibWV0YV9rZXkiOiIjY2Fwc3VsZXMifX0=@\u201c global_colors_info=\u201c{}\u201c][et_pb_column type=\u201c4_4&#8243; _builder_version=\u201c4.27.4&#8243; _module_preset=\u201cdefault\u201c global_colors_info=\u201c{}\u201c][et_pb_video src=\u201chttps:\/\/growcap.nl\/wp-content\/uploads\/2025\/11\/All-in-one-plantfertilizer-in-capsule-and-liquid-form.mp4&#8243; _builder_version=\u201c4.27.4&#8243; _module_preset=\u201cdefault\u201c global_colors_info=\u201c{}\u201c][\/et_pb_video][\/et_pb_column][\/et_pb_row][et_pb_row _builder_version=\u201c4.27.4&#8243; _dynamic_attributes=\u201clink_option_url\u201c _module_preset=\u201cdefault\u201c link_option_url=\u201c@ET-DC@eyJkeW5hbWljIjp0cnVlLCJjb250ZW50IjoicG9zdF9tZXRhX2tleSIsInNldHRpbmdzIjp7ImJlZm9yZSI6IiIsImFmdGVyIjoiIiwibWV0YV9rZXkiOiIjY2Fwc3VsZXMifX0=@\u201c global_colors_info=\u201c{}\u201c][et_pb_column type=\u201c4_4&#8243; _builder_version=\u201c4.27.4&#8243; _module_preset=\u201cdefault\u201c global_colors_info=\u201c{}\u201c][et_pb_text module_id=\u201ccapsules\u201c _builder_version=\u201c4.27.4&#8243; _module_preset=\u201cdefault\u201c custom_padding=\u201c0px|||||\u201c global_colors_info=\u201c{}\u201c]<\/p>\n<h1><span style=\"font-size: xx-large;\">Growcap Kapseln<\/span><\/h1>\n<p>&nbsp;<\/p>\n<p><span style=\"font-size: large; font-family: inherit; font-weight: normal;\">Die Kapseln sind einfach zu verwenden. Stecken Sie die Kapseln in den Aquariumboden, und die Kapseln erledigen den Rest.  <\/span><\/p>\n<p><span style=\"font-family: inherit; font-weight: normal; font-size: large;\">Da sich die N\u00e4hrstoffe im Boden verteilen, erhalten die Wurzeln der Aquarienpflanzen direkt alle ben\u00f6tigten N\u00e4hrstoffe.<\/span><\/p>\n<p><span style=\"font-family: inherit; font-weight: normal; font-size: large;\"> Dadurch k\u00f6nnen sie optimal wachsen und Sie k\u00f6nnen sich an farbenpr\u00e4chtigen Pflanzen erfreuen. Durch die kontrollierte Freisetzung von N\u00e4hrstoffen durch die Bakterien schaffen wir optimale Bedingungen f\u00fcr ein gesundes Pflanzenwachstum. <\/span><span style=\"font-family: inherit; font-weight: normal; font-size: large;\"><\/span><\/p>\n<p><span style=\"font-size: large; font-family: inherit; font-weight: normal;\"><\/span><\/p>\n<p><span style=\"font-size: large;\"><span style=\"font-family: inherit; font-weight: normal;\">Nach etwa 10 Wochen sind die Kapseln \u201caufgebraucht\u201c, danach k\u00f6nnen Sie wieder neue Kapseln in den Boden stecken.<\/span> <\/span><\/p>\n<p><span style=\"font-size: large;\"><\/span><\/p>\n<p><span style=\"font-size: large;\"><\/span><\/p>\n<p>[\/et_pb_text][\/et_pb_column][\/et_pb_row][et_pb_row _builder_version=\u201c4.27.6&#8243; _module_preset=\u201cdefault\u201c global_colors_info=\u201c{}\u201c][et_pb_column type=\u201c4_4&#8243; _builder_version=\u201c4.27.6&#8243; _module_preset=\u201cdefault\u201c global_colors_info=\u201c{}\u201c][et_pb_image src=\u201chttps:\/\/growcap.nl\/wp-content\/uploads\/2026\/03\/assortiment-NL-scaled.png\u201c title_text=\u201cSortiment NL\u201c _builder_version=\u201c4.27.6&#8243; _module_preset=\u201cdefault\u201c global_colors_info=\u201c{}\u201c][\/et_pb_image][\/et_pb_column][\/et_pb_row][et_pb_row column_structure=\u201c3_5,2_5&#8243; _builder_version=\u201c4.27.4&#8243; _module_preset=\u201cdefault\u201c global_colors_info=\u201c{}\u201c][et_pb_column type=\u201c3_5&#8243; _builder_version=\u201c4.27.4&#8243; _module_preset=\u201cdefault\u201c global_colors_info=\u201c{}\u201c][et_pb_text _builder_version=\u201c4.27.4&#8243; _module_preset=\u201cdefault\u201c text_font=\u201c||||||||\u201c text_text_color=\u201c#000000&#8243; text_font_size=\u201c19px\u201c global_colors_info=\u201c{}\u201c]<\/p>\n<p>Growcap zeichnet sich dadurch aus, als Einziger eine komplette Pflanzenern\u00e4hrung in Kapselform herzustellen.<\/p>\n<p>Viele andere Kapseln auf dem Markt enthalten vor allem Eisen oder tonartige K\u00f6rnchen. Diese unterst\u00fctzen das Pflanzenwachstum, aber es fehlen wichtige Stoffe, wodurch fl\u00fcssige Pflanzenern\u00e4hrung immer notwendig bleibt. <\/p>\n<p><strong>Dies geh\u00f6rt mit Growcap-Kapseln der Vergangenheit an.<\/strong><\/p>\n<p>Alle 10 Wochen: 1 Kapsel pro 20 Liter Wasser bei vielen Aquarienpflanzen<\/p>\n<p>Alle 10 Wochen: 1 Kapsel pro 40 Liter Wasser bei wenigen Pflanzen \/ ohne CO2.<\/p>\n<p>&nbsp;<\/p>\n<p>[\/et_pb_text][\/et_pb_column][et_pb_column type=\u201c2_5&#8243; _builder_version=\u201c4.27.4&#8243; _module_preset=\u201cdefault\u201c global_colors_info=\u201c{}\u201c][et_pb_image src=\u201chttps:\/\/growcap.nl\/wp-content\/uploads\/2026\/03\/NL-12-met-losse-capsules-scaled.png\u201c title_text=\u201cNL 12 mit losen Kapseln\u201c _builder_version=\u201c4.27.6&#8243; _module_preset=\u201cdefault\u201c background_color=\u201c#f7f7f7&#8243; width=\u201c100%\u201c custom_margin=\u201c||-3px|||\u201c global_colors_info=\u201c{}\u201c][\/et_pb_image][\/et_pb_column][\/et_pb_row][et_pb_row _builder_version=\u201c4.27.4&#8243; _module_preset=\u201cdefault\u201c global_colors_info=\u201c{}\u201c][et_pb_column type=\u201c4_4&#8243; _builder_version=\u201c4.27.4&#8243; _module_preset=\u201cdefault\u201c global_colors_info=\u201c{}\u201c][et_pb_text _builder_version=\u201c4.27.4&#8243; _module_preset=\u201cdefault\u201c text_font_size=\u201c19px\u201c global_colors_info=\u201c{}\u201c]<\/p>\n<p>Ein Beispiel f\u00fcr ein wundersch\u00f6nes Aquarium mit gesunden Aquarienpflanzen bei einem unserer begeisterten Growcap-Nutzer.<\/p>\n<p>[\/et_pb_text][et_pb_video src=\u201chttps:\/\/growcap.nl\/wp-content\/uploads\/2025\/11\/dc2af13c-856a-41ed-a89d-19638549dd57.mp4&#8243; _builder_version=\u201c4.27.4&#8243; _module_preset=\u201cdefault\u201c global_colors_info=\u201c{}\u201c][\/et_pb_video][\/et_pb_column][\/et_pb_row][et_pb_row _builder_version=\u201c4.27.4&#8243; _module_preset=\u201cdefault\u201c global_colors_info=\u201c{}\u201c][et_pb_column type=\u201c4_4&#8243; _builder_version=\u201c4.27.4&#8243; _module_preset=\u201cdefault\u201c global_colors_info=\u201c{}\u201c][et_pb_heading title=\u201cGrowcap Fl\u00fcssige Pflanzenern\u00e4hrung\u201c _builder_version=\u201c4.27.4&#8243; _module_preset=\u201cdefault\u201c global_colors_info=\u201c{}\u201c][\/et_pb_heading][\/et_pb_column][\/et_pb_row][et_pb_row column_structure=\u201c1_3,2_3&#8243; _builder_version=\u201c4.27.4&#8243; _module_preset=\u201cdefault\u201c global_colors_info=\u201c{}\u201c][et_pb_column type=\u201c1_3&#8243; _builder_version=\u201c4.27.4&#8243; _module_preset=\u201cdefault\u201c global_colors_info=\u201c{}\u201c][et_pb_text _builder_version=\u201c4.27.4&#8243; _module_preset=\u201cdefault\u201c text_font_size=\u201c19px\u201c global_colors_info=\u201c{}\u201c]<\/p>\n<h1><span style=\"font-size: large;\">Growcap Fl\u00fcssige Pflanzenern\u00e4hrung enth\u00e4lt dieselben N\u00e4hrstoffe wie die Kapseln. <\/span><\/h1>\n<p><span style=\"font-size: large;\">Aber sie ist leicht selbst mit dem Messbecher zu dosieren oder an ein Dosiersystem anzuschlie\u00dfen.<\/span><\/p>\n<p><span style=\"font-size: large;\">Die Dosierung kann t\u00e4glich oder w\u00f6chentlich erfolgen. Sehen Sie in der Umrechnungstabelle nach, um eine handliche Richtlinie pro Aquariuminhalt zu erhalten.  <\/span><\/p>\n<p><span style=\"font-size: large;\">Achtung: Ein Aquarium von 100 Litern hat nicht wirklich 100 Liter Wasserinhalt, Dekoration und Kies werden hier abgezogen.<\/span><\/p>\n<p><span style=\"font-size: large;\">Dies verhindert eine \u00dcberdosierung der Pflanzenern\u00e4hrung.<\/span><\/p>\n<p><span style=\"font-size: large;\"> <\/span><\/p>\n<p>[\/et_pb_text][\/et_pb_column][et_pb_column type=\u201c2_3&#8243; _builder_version=\u201c4.27.4&#8243; _module_preset=\u201cdefault\u201c global_colors_info=\u201c{}\u201c][et_pb_image src=\u201chttps:\/\/growcap.nl\/wp-content\/uploads\/2025\/11\/FLESSEN-TRANS-1.png\u201c title_text=\u201cTransportflaschen (1)\u201c _builder_version=\u201c4.27.4&#8243; _module_preset=\u201cdefault\u201c animation_style=\u201cfold\u201c global_colors_info=\u201c{}\u201c][\/et_pb_image][\/et_pb_column][\/et_pb_row][et_pb_row column_structure=\u201c1_2,1_2&#8243; _builder_version=\u201c4.27.4&#8243; _module_preset=\u201cdefault\u201c custom_margin=\u201c-13px|auto||auto||\u201c global_colors_info=\u201c{}\u201c][et_pb_column type=\u201c1_2&#8243; _builder_version=\u201c4.27.4&#8243; _module_preset=\u201cdefault\u201c global_colors_info=\u201c{}\u201c][et_pb_heading title=\u201cWie dosieren?\u201c _builder_version=\u201c4.27.4&#8243; _module_preset=\u201cdefault\u201c global_colors_info=\u201c{}\u201c][\/et_pb_heading][et_pb_text _builder_version=\u201c4.27.4&#8243; _module_preset=\u201cdefault\u201c text_font_size=\u201c19px\u201c global_colors_info=\u201c{}\u201c]<\/p>\n<p><strong>Kein CO2-System oder voll bepflanztes Aquarium?<\/strong><\/p>\n<p><span style=\"font-size: large;\">Dosieren Sie w\u00f6chentlich 10 ml pro 100 Liter<\/span><\/p>\n<p><strong>Doch CO2 oder ein voll bepflanztes Aquarium?<\/strong><\/p>\n<p>Dosieren Sie w\u00f6chentlich 20 ml pro 100 Liter<\/p>\n<p>[\/et_pb_text][\/et_pb_column][et_pb_column type=\u201c1_2&#8243; _builder_version=\u201c4.27.4&#8243; _module_preset=\u201cdefault\u201c global_colors_info=\u201c{}\u201c][et_pb_toggle title=\u201cUmrechnungstabelle Aquarium mit CO2&#8243; open_toggle_text_color=\u201c#000000&#8243; _builder_version=\u201c4.27.4&#8243; _module_preset=\u201cdefault\u201c title_level=\u201ch2&#8243; global_colors_info=\u201c{}\u201c]<\/p>\n<table border=\"1\" style=\"border-collapse: collapse; width: 100%;\">\n<tbody>\n<tr>\n<td style=\"width: 50%;\"><strong>T\u00e4glich<\/strong><\/td>\n<td style=\"width: 50%;\"><strong>W\u00f6chentlich<\/strong><\/td>\n<\/tr>\n<tr>\n<td style=\"width: 50%;\">6 ml pro 200 Liter<\/td>\n<td style=\"width: 50%;\">40 ml pro 200 Liter<\/td>\n<\/tr>\n<tr>\n<td style=\"width: 50%;\">3 ml pro 100 Liter<\/td>\n<td style=\"width: 50%;\">20 ml pro 100 Liter<\/td>\n<\/tr>\n<tr>\n<td style=\"width: 50%;\">1,5 ml pro 50 Liter<\/td>\n<td style=\"width: 50%;\">10 ml pro 50 Liter<\/td>\n<\/tr>\n<\/tbody>\n<\/table>\n<p>[\/et_pb_toggle][et_pb_toggle title=\u201cUmrechnungstabelle ohne CO2 oder wenig Pflanzen\u201c _builder_version=\u201c4.27.4&#8243; _module_preset=\u201cdefault\u201c title_level=\u201ch2&#8243; global_colors_info=\u201c{}\u201c]<\/p>\n<table border=\"1\" style=\"border-collapse: collapse; width: 100%;\">\n<tbody>\n<tr>\n<td style=\"width: 50%;\"><strong>T\u00e4glich<\/strong><\/td>\n<td style=\"width: 50%;\"><strong>W\u00f6chentlich<\/strong><\/td>\n<\/tr>\n<tr>\n<td style=\"width: 50%;\">3 ml pro 200 Liter<\/td>\n<td style=\"width: 50%;\">20 ml pro 200 Liter<\/td>\n<\/tr>\n<tr>\n<td style=\"width: 50%;\">1,5 ml pro 100 Liter<\/td>\n<td style=\"width: 50%;\">10 ml pro 100 Liter<\/td>\n<\/tr>\n<tr>\n<td style=\"width: 50%;\">0,5 ml pro 50 Liter<\/td>\n<td style=\"width: 50%;\">5 ml pro 50 Liter<\/td>\n<\/tr>\n<\/tbody>\n<\/table>\n<p>[\/et_pb_toggle][\/et_pb_column][\/et_pb_row][\/et_pb_section]<\/p>\n","protected":false},"excerpt":{"rendered":"<p>Erfahren Sie alles \u00fcber die Funktionsweise der Growcap-FormelGrowcap Kapseln &nbsp; Die Kapseln sind einfach zu verwenden. Stecken Sie die Kapseln in den Aquariumboden, und die Kapseln erledigen den Rest. Da sich die N\u00e4hrstoffe im Boden verteilen, erhalten die Wurzeln der Aquarienpflanzen direkt alle ben\u00f6tigten N\u00e4hrstoffe. Dadurch k\u00f6nnen sie optimal wachsen und Sie k\u00f6nnen sich an [&hellip;]<\/p>\n","protected":false},"author":1,"featured_media":0,"parent":0,"menu_order":0,"comment_status":"closed","ping_status":"closed","template":"","meta":{"_et_pb_use_builder":"on","_et_pb_old_content":"","_et_gb_content_width":"","footnotes":""},"class_list":["post-251","page","type-page","status-publish","hentry"],"jetpack_sharing_enabled":true,"_links":{"self":[{"href":"https:\/\/growcap.nl\/de\/wp-json\/wp\/v2\/pages\/251","targetHints":{"allow":["GET"]}}],"collection":[{"href":"https:\/\/growcap.nl\/de\/wp-json\/wp\/v2\/pages"}],"about":[{"href":"https:\/\/growcap.nl\/de\/wp-json\/wp\/v2\/types\/page"}],"author":[{"embeddable":true,"href":"https:\/\/growcap.nl\/de\/wp-json\/wp\/v2\/users\/1"}],"replies":[{"embeddable":true,"href":"https:\/\/growcap.nl\/de\/wp-json\/wp\/v2\/comments?post=251"}],"version-history":[{"count":40,"href":"https:\/\/growcap.nl\/de\/wp-json\/wp\/v2\/pages\/251\/revisions"}],"predecessor-version":[{"id":3651,"href":"https:\/\/growcap.nl\/de\/wp-json\/wp\/v2\/pages\/251\/revisions\/3651"}],"wp:attachment":[{"href":"https:\/\/growcap.nl\/de\/wp-json\/wp\/v2\/media?parent=251"}],"curies":[{"name":"wp","href":"https:\/\/api.w.org\/{rel}","templated":true}]}}