{"id":263,"date":"2025-03-11T09:09:57","date_gmt":"2025-03-11T09:09:57","guid":{"rendered":"https:\/\/growcap.nl\/startseite\/"},"modified":"2026-03-28T11:54:41","modified_gmt":"2026-03-28T11:54:41","slug":"startseite","status":"publish","type":"page","link":"https:\/\/growcap.nl\/de\/","title":{"rendered":"Startseite"},"content":{"rendered":"<p>[et_pb_section fb_built=\u201c1&#8243; admin_label=\u201cHero\u201c _builder_version=\u201c4.27.6&#8243; _module_preset=\u201c74c69059-8e69-4122-b1e6-dfeabf6c5711&#8243; use_background_color_gradient=\u201con\u201c background_color_gradient_stops=\u201crgba(0,0,0,0.6) 90%|rgba(0,0,0,0.9) 100%\u201c background_color_gradient_overlays_image=\u201con\u201c background_color_gradient_start=\u201crgba(0,0,0,0.5)\u201c background_color_gradient_end=\u201crgba(0,0,0,0.75)\u201c background_image=\u201chttps:\/\/growcap.nl\/wp-content\/uploads\/2026\/03\/Banner-nieuwe-capsules-scaled.png\u201c max_height=\u201c1000px\u201c custom_margin=\u201c||0px||false|false\u201c custom_padding=\u201c1vw||1vw||true|false\u201c hover_enabled=\u201c0&#8243; locked=\u201coff\u201c collapsed=\u201con\u201c global_colors_info=\u201c{}\u201c title_text=\u201cBanner nieuwe capsules\u201c sticky_enabled=\u201c0&#8243;][et_pb_row column_structure=\u201c2_3,1_3&#8243; _builder_version=\u201c4.27.4&#8243; _module_preset=\u201c5138c454-be54-4233-bd3b-f8e6a8747976&#8243; custom_margin=\u201c9px||||false|false\u201c global_colors_info=\u201c{}\u201c][et_pb_column type=\u201c2_3&#8243; _builder_version=\u201c4.16&#8243; _module_preset=\u201c73121f80-a3ef-4484-8763-c3f18e3c56d2&#8243; global_colors_info=\u201c{}\u201c][et_pb_heading title=\u201c100 % nat\u00fcrlich\u201c _builder_version=\u201c4.27.4&#8243; _module_preset=\u201cf0c675ea-2574-4d0e-b725-30f8550a8550&#8243; title_level=\u201ch4&#8243; title_font=\u201cPoppins|Abril Fatface_weight||on|||||\u201c title_text_color=\u201c#FFFFFF\u201c title_font_size=\u201c14px\u201c title_letter_spacing=\u201c1px\u201c title_line_height=\u201c1.4em\u201c custom_margin=\u201c||10px||false|false\u201c title_font_size_tablet=\u201c13px\u201c title_font_size_phone=\u201c13px\u201c title_font_size_last_edited=\u201con|desktop\u201c locked=\u201coff\u201c global_colors_info=\u201c{}\u201c][\/et_pb_heading][et_pb_heading title=\u201cGrowcap Premium Pflanzenern\u00e4hrung\u201c _builder_version=\u201c4.24.2&#8243; _module_preset=\u201cddeb8c09-9078-4424-bc15-2efb6572e28e\u201c title_font=\u201cAbril Fatface|Abril Fatface_weight|||||||\u201c title_text_color=\u201c#FFFFFF\u201c title_font_size=\u201c72px\u201c title_line_height=\u201c1.15em\u201c title_font_size_tablet=\u201c40px\u201c title_font_size_phone=\u201c24px\u201c title_font_size_last_edited=\u201con|phone\u201c locked=\u201coff\u201c global_colors_info=\u201c{}\u201c][\/et_pb_heading][et_pb_text quote_border_color=\u201c#FFFFFF\u201c _builder_version=\u201c4.24.2&#8243; _module_preset=\u201c0504de1e-f5ff-4281-ba60-cbbe4edf98bc\u201c text_font=\u201cPoppins|Poppins_weight|||||||\u201c text_text_color=\u201c#FFFFFF\u201c text_line_height=\u201c1.75em\u201c link_font=\u201c||||on||||\u201c link_text_color=\u201c#FFFFFF\u201c quote_font=\u201cAbril Fatface|Abril Fatface_weight|||||||\u201c quote_text_color=\u201c#FFFFFF\u201c header_font=\u201cAbril Fatface|Abril Fatface_weight|||||||\u201c header_text_color=\u201c#FFFFFF\u201c header_font_size=\u201c72px\u201c header_line_height=\u201c1.15em\u201c header_2_font=\u201cAbril Fatface|Abril Fatface_weight|||||||\u201c header_2_text_color=\u201c#FFFFFF\u201c header_2_font_size=\u201c50px\u201c header_2_line_height=\u201c1.2em\u201c header_3_font=\u201cAbril Fatface|Abril Fatface_weight|||||||\u201c header_3_text_color=\u201c#FFFFFF\u201c header_3_font_size=\u201c32px\u201c header_3_line_height=\u201c1.3em\u201c header_4_font=\u201cAbril Fatface|Abril Fatface_weight|||||||\u201c header_4_text_color=\u201c#FFFFFF\u201c header_4_font_size=\u201c24px\u201c header_4_line_height=\u201c1.4em\u201c header_5_font=\u201cAbril Fatface|Abril Fatface_weight|||||||\u201c header_5_text_color=\u201c#FFFFFF\u201c header_5_font_size=\u201c18px\u201c header_5_line_height=\u201c1.4em\u201c header_6_font=\u201cAbril Fatface|Abril Fatface_weight|||||||\u201c header_6_text_color=\u201c#FFFFFF\u201c header_6_line_height=\u201c1.5em\u201c custom_margin=\u201c||||false|false\u201c text_font_size_tablet=\u201c15px\u201c text_font_size_phone=\u201c14px\u201c text_font_size_last_edited=\u201con|phone\u201c header_font_size_tablet=\u201c40px\u201c header_font_size_phone=\u201c24px\u201c header_font_size_last_edited=\u201con|desktop\u201c header_2_font_size_tablet=\u201c28px\u201c header_2_font_size_phone=\u201c20px\u201c header_2_font_size_last_edited=\u201con|phone\u201c header_3_font_size_tablet=\u201c22px\u201c header_3_font_size_phone=\u201c17px\u201c header_3_font_size_last_edited=\u201con|phone\u201c header_4_font_size_tablet=\u201c18px\u201c header_4_font_size_phone=\u201c15px\u201c header_4_font_size_last_edited=\u201con|tablet\u201c header_5_font_size_tablet=\u201c15px\u201c header_5_font_size_phone=\u201c14px\u201c header_5_font_size_last_edited=\u201con|desktop\u201c header_6_font_size_tablet=\u201c13px\u201c header_6_font_size_phone=\u201c13px\u201c header_6_font_size_last_edited=\u201con|desktop\u201c locked=\u201coff\u201c global_colors_info=\u201c{}\u201c]<\/p>\n<p>Entdecken Sie, wie Growcap die Welt der Pflanzenern\u00e4hrung mit seinen innovativen Kapseln transformiert hat.<\/p>\n<p>[\/et_pb_text][et_pb_button button_url=\u201chttps:\/\/growcap.nl\/index.php\/growcap\/\u201c button_text=\u201cMehr erfahren\u201c _builder_version=\u201c4.27.4&#8243; _module_preset=\u201cab15fb74-61a3-43aa-96b3-41e09aeef654&#8243; custom_button=\u201con\u201c button_text_size=\u201c16px\u201c button_text_color=\u201c#22577a\u201c button_bg_color=\u201c#FFFFFF\u201c button_border_width=\u201c0px\u201c button_border_radius=\u201c100px\u201c button_font=\u201cPoppins|700|||||||\u201c custom_padding=\u201c12px|24px|12px|24px|true|true\u201c locked=\u201coff\u201c global_colors_info=\u201c{}\u201c][\/et_pb_button][\/et_pb_column][et_pb_column type=\u201c1_3&#8243; _builder_version=\u201c4.16&#8243; _module_preset=\u201c73121f80-a3ef-4484-8763-c3f18e3c56d2&#8243; global_colors_info=\u201c{}\u201c][\/et_pb_column][\/et_pb_row][et_pb_row column_structure=\u201c1_3,1_3,1_3&#8243; _builder_version=\u201c4.27.4&#8243; _module_preset=\u201cdefault\u201c global_colors_info=\u201c{}\u201c][et_pb_column type=\u201c1_3&#8243; _builder_version=\u201c4.27.4&#8243; _module_preset=\u201cdefault\u201c global_colors_info=\u201c{}\u201c][et_pb_blurb title=\u201cNat\u00fcrliche Farben\u201c use_icon=\u201con\u201c _builder_version=\u201c4.27.4&#8243; header_font=\u201c|700||on|||||\u201c header_text_color=\u201c#FFFFFF\u201c header_font_size=\u201c19px\u201c header_letter_spacing=\u201c2px\u201c header_line_height=\u201c1.8em\u201c body_font=\u201c||||||||\u201c body_line_height=\u201c1.8em\u201c background_color=\u201cRGBA(255,255,255,0)\u201c locked=\u201coff\u201c global_colors_info=\u201c{}\u201c]<\/p>\n<p><span style=\"color: #ffffff;\">Growcap stimuliert die nat\u00fcrlichen Pflanzenfarben<\/span><\/p>\n<p>[\/et_pb_blurb][\/et_pb_column][et_pb_column type=\u201c1_3&#8243; _builder_version=\u201c4.27.4&#8243; _module_preset=\u201cdefault\u201c global_colors_info=\u201c{}\u201c][et_pb_blurb title=\u201cProfessionelle Pflanzenern\u00e4hrung\u201c use_icon=\u201con\u201c _builder_version=\u201c4.27.4&#8243; header_font=\u201c|700||on|||||\u201c header_text_color=\u201c#FFFFFF\u201c header_font_size=\u201c19px\u201c header_letter_spacing=\u201c2px\u201c header_line_height=\u201c1.8em\u201c body_font=\u201c||||||||\u201c body_text_color=\u201c#FFFFFF\u201c body_line_height=\u201c1.8em\u201c global_colors_info=\u201c{}\u201c]<\/p>\n<p>100 % nat\u00fcrliche Ern\u00e4hrung und EU-zertifiziert<\/p>\n<p>[\/et_pb_blurb][\/et_pb_column][et_pb_column type=\u201c1_3&#8243; _builder_version=\u201c4.27.4&#8243; _module_preset=\u201cdefault\u201c global_colors_info=\u201c{}\u201c][et_pb_blurb title=\u201cOptimales Pflanzenwachstum\u201c use_icon=\u201con\u201c _builder_version=\u201c4.27.4&#8243; header_font=\u201c|700||on|||||\u201c header_text_color=\u201c#FFFFFF\u201c header_font_size=\u201c19px\u201c header_letter_spacing=\u201c2px\u201c header_line_height=\u201c1.8em\u201c body_font=\u201c||||||||\u201c body_text_color=\u201c#FFFFFF\u201c body_line_height=\u201c1.8em\u201c locked=\u201coff\u201c global_colors_info=\u201c{}\u201c]<\/p>\n<p>Enth\u00e4lt nitrifizierende Bakterien f\u00fcr optimales Pflanzenwachstum<\/p>\n<p>[\/et_pb_blurb][\/et_pb_column][\/et_pb_row][et_pb_row column_structure=\u201c1_2,1_2&#8243; _builder_version=\u201c4.27.4&#8243; _module_preset=\u201cdefault\u201c global_colors_info=\u201c{}\u201c][et_pb_column type=\u201c1_2&#8243; _builder_version=\u201c4.27.4&#8243; _module_preset=\u201cdefault\u201c global_colors_info=\u201c{}\u201c][et_pb_button button_url=\u201chttps:\/\/growcap.nl\/de\/verkaufsstellen-growcap\/\u201c url_new_window=\u201con\u201c button_text=\u201cFinden Sie ein Gesch\u00e4ft in Ihrer N\u00e4he\u201c _builder_version=\u201c4.27.4&#8243; _module_preset=\u201cab15fb74-61a3-43aa-96b3-41e09aeef654&#8243; custom_button=\u201con\u201c button_text_size=\u201c16px\u201c button_text_color=\u201c#22577a\u201c button_bg_color=\u201c#FFFFFF\u201c button_border_width=\u201c0px\u201c button_border_radius=\u201c100px\u201c button_font=\u201cPoppins|700|||||||\u201c custom_padding=\u201c12px|24px|12px|24px|true|true\u201c locked=\u201coff\u201c global_colors_info=\u201c{}\u201c][\/et_pb_button][\/et_pb_column][et_pb_column type=\u201c1_2&#8243; _builder_version=\u201c4.27.4&#8243; _module_preset=\u201cdefault\u201c global_colors_info=\u201c{}\u201c][et_pb_button button_url=\u201chttps:\/\/growcap.nl\/de\/growcap\/\u201c url_new_window=\u201con\u201c button_text=\u201cWie funktioniert Growcap?\u201c _builder_version=\u201c4.27.4&#8243; _module_preset=\u201cab15fb74-61a3-43aa-96b3-41e09aeef654&#8243; custom_button=\u201con\u201c button_text_size=\u201c16px\u201c button_text_color=\u201c#22577a\u201c button_bg_color=\u201c#FFFFFF\u201c button_border_width=\u201c0px\u201c button_border_radius=\u201c100px\u201c button_font=\u201cPoppins|700|||||||\u201c custom_padding=\u201c12px|24px|12px|24px|true|true\u201c locked=\u201coff\u201c global_colors_info=\u201c{}\u201c][\/et_pb_button][\/et_pb_column][\/et_pb_row][\/et_pb_section][et_pb_section fb_built=\u201c1&#8243; admin_label=\u201cAbout\u201c _builder_version=\u201c4.27.4&#8243; background_color=\u201c#f7f7f7&#8243; custom_margin=\u201c-2px|||||\u201c custom_padding=\u201c26px||0px||false|\u201c collapsed=\u201coff\u201c global_colors_info=\u201c{}\u201c][et_pb_row column_structure=\u201c1_3,2_3&#8243; make_equal=\u201con\u201c padding_top_bottom_link_2=\u201cfalse\u201c padding_left_right_link_2=\u201cfalse\u201c _builder_version=\u201c4.27.4&#8243; background_color=\u201c#f7f7f7&#8243; width=\u201c100%\u201c max_width=\u201c100%\u201c min_height=\u201c1320.4px\u201c custom_margin=\u201c|auto|-4px|auto||\u201c custom_padding=\u201c1px||1px||true|\u201c use_custom_width=\u201con\u201c width_unit=\u201coff\u201c custom_width_percent=\u201c100%\u201c global_colors_info=\u201c{}\u201c][et_pb_column type=\u201c1_3&#8243; _builder_version=\u201c4.27.4&#8243; background_enable_image=\u201coff\u201c background_size=\u201cinitial\u201c custom_padding=\u201c|||\u201c global_colors_info=\u201c{}\u201c custom_padding__hover=\u201c|||\u201c][et_pb_video src=\u201chttps:\/\/growcap.nl\/wp-content\/uploads\/2025\/11\/text-to-video-88396c6e.mp4&#8243; disabled_on=\u201con|off|off\u201c _builder_version=\u201c4.27.4&#8243; _module_preset=\u201cdefault\u201c global_colors_info=\u201c{}\u201c][\/et_pb_video][\/et_pb_column][et_pb_column type=\u201c2_3&#8243; _builder_version=\u201c4.16&#8243; custom_padding=\u201c6vw|10vw|12vw|5vw\u201c custom_padding_tablet=\u201c|10%||10%||true\u201c custom_padding_phone=\u201c|3vw||3vw\u201c custom_padding_last_edited=\u201con|tablet\u201c global_colors_info=\u201c{}\u201c padding_phone=\u201c|3vw||3vw\u201c padding_tablet=\u201c|10%||10%||true\u201c padding_last_edited=\u201con|tablet\u201c custom_padding__hover=\u201c|||\u201c][et_pb_text _builder_version=\u201c4.27.4&#8243; text_font_size=\u201c26px\u201c header_font=\u201c||||||||\u201c header_2_font=\u201cFrank Ruhl Libre||||||||\u201c header_2_font_size=\u201c48px\u201c header_2_line_height=\u201c1.4em\u201c max_width=\u201c700px\u201c custom_margin=\u201c||11px|||\u201c header_2_font_size_tablet=\u201c\u201c header_2_font_size_phone=\u201c28px\u201c header_2_font_size_last_edited=\u201con|desktop\u201c global_colors_info=\u201c{}\u201c]<\/p>\n<h1 data-start=\"98\" data-end=\"180\"><strong>Entdecken Sie die Kraft von GrowCap: Die komplette Pflanzenern\u00e4hrung f\u00fcr Ihr Aquarium!<\/strong><\/h1>\n<p>[\/et_pb_text][et_pb_text _builder_version=\u201c4.27.4&#8243; text_font=\u201c||||||||\u201c text_font_size=\u201c20px\u201c text_line_height=\u201c1.8em\u201c max_width=\u201c700px\u201c custom_margin=\u201c||72px|||\u201c custom_padding=\u201c35px|||||\u201c global_colors_info=\u201c{}\u201c]<\/p>\n<p data-start=\"182\" data-end=\"518\">Sind Sie auf der Suche nach einer einfachen und effektiven M\u00f6glichkeit, Ihre Aquariumpflanzen gesund und \u00fcppig wachsen zu lassen? GrowCap bietet die L\u00f6sung! Unsere innovative Pflanzenern\u00e4hrung wurde speziell entwickelt, um ein farbenfrohes und pflanzenfreundliches Aquarium zu schaffen \u2013 ohne Aufwand, ohne chemische Zus\u00e4tze und ohne \u00fcberm\u00e4\u00dfiges Algenwachstum.  <\/p>\n<p data-start=\"520\" data-end=\"830\">Dank einer einzigartigen, von nat\u00fcrlichen \u00d6kosystemen inspirierten Formel versorgt GrowCap Ihre Aquariumpflanzen mit allen essentiellen N\u00e4hrstoffen. Unsere Produkte enthalten n\u00fctzliche Mikroorganismen, die nicht nur N\u00e4hrstoffe direkt zu den Wurzeln transportieren, sondern auch zu einem sauberen und gesunden Aquarium beitragen. <\/p>\n<p data-start=\"832\" data-end=\"1054\"><strong data-start=\"832\" data-end=\"869\">Einfach, vollst\u00e4ndig und effektiv:<\/strong><br data-start=\"869\" data-end=\"872\">\ud83c\udf3f <strong data-start=\"875\" data-end=\"895\">GrowCap Kapseln<\/strong> \u2013 Versorgen Sie Ihre Pflanzen direkt an den Wurzeln f\u00fcr optimales Wachstum.<br data-start=\"956\" data-end=\"959\">\ud83d\udca7 <strong data-start=\"962\" data-end=\"991\">GrowCap Fl\u00fcssigd\u00fcnger<\/strong> \u2013 Auf vielfachen Wunsch jetzt auch f\u00fcr einen zus\u00e4tzlichen Schub erh\u00e4ltlich!<\/p>\n<p data-start=\"1056\" data-end=\"1177\">Mit GrowCap genie\u00dfen Sie m\u00fchelos ein wundersch\u00f6nes gr\u00fcnes und algenfreies Aquarium. Probieren Sie es selbst und erleben Sie den Unterschied! <\/p>\n<p>[\/et_pb_text][et_pb_button button_url=\u201chttps:\/\/growcap.nl\/de\/verkaufsstellen-growcap\/\u201c url_new_window=\u201con\u201c button_text=\u201cFinden Sie ein Gesch\u00e4ft in Ihrer N\u00e4he\u201c _builder_version=\u201c4.27.4&#8243; _module_preset=\u201cab15fb74-61a3-43aa-96b3-41e09aeef654&#8243; custom_button=\u201con\u201c button_text_size=\u201c16px\u201c button_text_color=\u201c#22577a\u201c button_bg_color=\u201c#FFFFFF\u201c button_border_width=\u201c0px\u201c button_border_radius=\u201c100px\u201c button_font=\u201cPoppins|700|||||||\u201c custom_padding=\u201c12px|24px|12px|24px|true|true\u201c locked=\u201coff\u201c global_colors_info=\u201c{}\u201c][\/et_pb_button][\/et_pb_column][\/et_pb_row][\/et_pb_section]<\/p>\n","protected":false},"excerpt":{"rendered":"<p>Entdecken Sie, wie Growcap die Welt der Pflanzenern\u00e4hrung mit seinen innovativen Kapseln transformiert hat.Growcap stimuliert die nat\u00fcrlichen Pflanzenfarben100 % nat\u00fcrliche Ern\u00e4hrung und EU-zertifiziertEnth\u00e4lt nitrifizierende Bakterien f\u00fcr optimales PflanzenwachstumEntdecken Sie die Kraft von GrowCap: Die komplette Pflanzenern\u00e4hrung f\u00fcr Ihr Aquarium!Sind Sie auf der Suche nach einer einfachen und effektiven M\u00f6glichkeit, Ihre Aquariumpflanzen gesund und \u00fcppig wachsen [&hellip;]<\/p>\n","protected":false},"author":1,"featured_media":0,"parent":0,"menu_order":0,"comment_status":"closed","ping_status":"closed","template":"","meta":{"_et_pb_use_builder":"on","_et_pb_old_content":"","_et_gb_content_width":"","footnotes":""},"class_list":["post-263","page","type-page","status-publish","hentry"],"jetpack_sharing_enabled":true,"_links":{"self":[{"href":"https:\/\/growcap.nl\/de\/wp-json\/wp\/v2\/pages\/263","targetHints":{"allow":["GET"]}}],"collection":[{"href":"https:\/\/growcap.nl\/de\/wp-json\/wp\/v2\/pages"}],"about":[{"href":"https:\/\/growcap.nl\/de\/wp-json\/wp\/v2\/types\/page"}],"author":[{"embeddable":true,"href":"https:\/\/growcap.nl\/de\/wp-json\/wp\/v2\/users\/1"}],"replies":[{"embeddable":true,"href":"https:\/\/growcap.nl\/de\/wp-json\/wp\/v2\/comments?post=263"}],"version-history":[{"count":39,"href":"https:\/\/growcap.nl\/de\/wp-json\/wp\/v2\/pages\/263\/revisions"}],"predecessor-version":[{"id":3600,"href":"https:\/\/growcap.nl\/de\/wp-json\/wp\/v2\/pages\/263\/revisions\/3600"}],"wp:attachment":[{"href":"https:\/\/growcap.nl\/de\/wp-json\/wp\/v2\/media?parent=263"}],"curies":[{"name":"wp","href":"https:\/\/api.w.org\/{rel}","templated":true}]}}