{"id":2993,"date":"2025-03-11T08:51:35","date_gmt":"2025-03-11T08:51:35","guid":{"rendered":"https:\/\/growcap.nl\/datenschutzerklaerung\/"},"modified":"2025-11-18T12:27:22","modified_gmt":"2025-11-18T12:27:22","slug":"datenschutzerklaerung","status":"publish","type":"page","link":"https:\/\/growcap.nl\/de\/datenschutzerklaerung\/","title":{"rendered":"Datenschutzerkl\u00e4rung"},"content":{"rendered":"<p>[et_pb_section admin_label=\u201csection\u201c]<br \/>\n\t\t\t[et_pb_row admin_label=\u201cZeile\u201c]<br \/>\n\t\t\t\t[et_pb_column type=\u201c4_4&#8243;][et_pb_text admin_label=\u201cText\u201c]<\/p>\n\n<h2 class=\"wp-block-heading\">1. Verantwortlicher<\/h2>\n\n<p>Growcap International BV<br\/>Elzendreef 65<br\/>3145 LB Maassluis<br\/>KvK-Nummer: [falls gew\u00fcnscht ausf\u00fcllen]<br\/>E-Mail-Adresse: [falls gew\u00fcnscht ausf\u00fcllen]<\/p>\n\n<hr class=\"wp-block-separator has-alpha-channel-opacity\"\/>\n\n<h3 class=\"wp-block-heading\">2. Personenbezogene Daten, die wir verarbeiten<\/h3>\n\n<p>Wir verarbeiten personenbezogene Daten, wenn Sie unsere Website nutzen oder Kontakt mit uns aufnehmen. Die Daten, die wir erfassen k\u00f6nnen, sind unter anderem: <\/p>\n\n<ul class=\"wp-block-list\">\n<li>Name<\/li>\n\n\n\n<li>E-Mail-Adresse<\/li>\n\n\n\n<li>IP-Adresse<\/li>\n\n\n\n<li>Daten \u00fcber Ihre Aktivit\u00e4ten auf unserer Website<\/li>\n\n\n\n<li>Browserdaten und Ger\u00e4teinformationen<\/li>\n<\/ul>\n\n<hr class=\"wp-block-separator has-alpha-channel-opacity\"\/>\n\n<h3 class=\"wp-block-heading\">3. Zwecke der Datenverarbeitung<\/h3>\n\n<p>Wir verarbeiten Ihre personenbezogenen Daten f\u00fcr die folgenden Zwecke:<\/p>\n\n<ul class=\"wp-block-list\">\n<li>Um Sie zu kontaktieren, wenn Sie ein Kontaktformular ausf\u00fcllen oder uns eine E-Mail senden<\/li>\n\n\n\n<li>Zur Verbesserung der Funktionsweise unserer Website<\/li>\n\n\n\n<li>Zur Analyse der Website-Nutzung mithilfe von Google Analytics<\/li>\n<\/ul>\n\n<hr class=\"wp-block-separator has-alpha-channel-opacity\"\/>\n\n<h3 class=\"wp-block-heading\">4. Verwendung von Google Analytics<\/h3>\n\n<p>Growcap.nl verwendet <strong>Google Analytics<\/strong>, um Einblicke in die Nutzung der Website zu erhalten. Google Analytics sammelt unter anderem Informationen \u00fcber die Zeit, die Sie auf der Website verbringen, welche Seiten Sie besuchen und \u00fcber welchen Kanal Sie auf die Seite gelangt sind. <\/p>\n\n<p>Wir haben eine Verarbeitungsvereinbarung mit Google geschlossen und IP-Adressen werden anonymisiert. Dar\u00fcber hinaus haben wir die Funktion \u201eDatenfreigabe\u201c mit Google deaktiviert. Cookies von Google Analytics werden nur platziert, wenn Sie dem \u00fcber unser Cookie-Banner zustimmen.  <\/p>\n\n<p>Weitere Informationen dar\u00fcber, wie Google mit Daten umgeht, finden Sie unter:<br\/><a>https:\/\/policies.google.com\/privacy<\/a><\/p>\n\n<hr class=\"wp-block-separator has-alpha-channel-opacity\"\/>\n\n<h3 class=\"wp-block-heading\">5. Aufbewahrungsfrist<\/h3>\n\n<p>Wir speichern Ihre personenbezogenen Daten nicht l\u00e4nger als n\u00f6tig, um die Ziele zu realisieren, f\u00fcr die Ihre Daten gesammelt werden, es sei denn, es besteht eine gesetzliche Verpflichtung, Daten l\u00e4nger aufzubewahren.<\/p>\n\n<hr class=\"wp-block-separator has-alpha-channel-opacity\"\/>\n\n<h3 class=\"wp-block-heading\">6. Weitergabe von personenbezogenen Daten an Dritte<\/h3>\n\n<p>Wir geben Ihre Daten nicht an Dritte weiter, es sei denn, dies ist f\u00fcr die Durchf\u00fchrung unserer Dienstleistung oder zur Erf\u00fcllung einer gesetzlichen Verpflichtung erforderlich.<\/p>\n\n<hr class=\"wp-block-separator has-alpha-channel-opacity\"\/>\n\n<h3 class=\"wp-block-heading\">7. Cookies<\/h3>\n\n<p>Wir verwenden funktionale und analytische Cookies. Funktionale Cookies sind f\u00fcr das gute Funktionieren der Website erforderlich. Analytische Cookies (wie die von Google Analytics) helfen uns, die Website zu verbessern.  <\/p>\n\n<p>Beim ersten Besuch unserer Website bitten wir um Erlaubnis zum Setzen von analytischen Cookies.<\/p>\n\n<hr class=\"wp-block-separator has-alpha-channel-opacity\"\/>\n\n<h3 class=\"wp-block-heading\">8. Rechte der Betroffenen<\/h3>\n\n<p>Sie haben das Recht, Ihre personenbezogenen Daten einzusehen, zu korrigieren oder zu l\u00f6schen. Dar\u00fcber hinaus haben Sie das Recht, Widerspruch gegen die Verarbeitung einzulegen und k\u00f6nnen eine Einschr\u00e4nkung oder \u00dcbertragung Ihrer Daten beantragen. <\/p>\n\n<p>F\u00fcr Anfragen oder Fragen zu Ihren Daten k\u00f6nnen Sie uns kontaktieren \u00fcber:<\/p>\n\n<p>\u2709\ufe0f E-Mail: info@growcap.nl<br\/>\ud83d\udccd Adresse: Elzendreef 65, 3145 LB Maassluis<\/p>\n\n<hr class=\"wp-block-separator has-alpha-channel-opacity\"\/>\n\n<h3 class=\"wp-block-heading\">9. Sicherheit<\/h3>\n\n<p>Wir ergreifen geeignete Ma\u00dfnahmen, um Missbrauch, Verlust, unbefugten Zugriff oder andere unerw\u00fcnschte Handlungen mit personenbezogenen Daten zu verhindern.<\/p>\n\n<hr class=\"wp-block-separator has-alpha-channel-opacity\"\/>\n\n<h3 class=\"wp-block-heading\">10. \u00c4nderungen<\/h3>\n\n<p>Growcap International BV beh\u00e4lt sich das Recht vor, diese Datenschutzerkl\u00e4rung zu \u00e4ndern. Die aktuellste Version ist immer auf dieser Seite zu finden. <\/p>\n\n<p><\/p>\n<p>[\/et_pb_text][\/et_pb_column]<br \/>\n\t\t\t[\/et_pb_row]<br \/>\n\t\t[\/et_pb_section]<\/p>\n","protected":false},"excerpt":{"rendered":"<p>1. Verantwortlicher Growcap International BVElzendreef 653145 LB MaassluisKvK-Nummer: [falls gew\u00fcnscht ausf\u00fcllen]E-Mail-Adresse: [falls gew\u00fcnscht ausf\u00fcllen] 2. Personenbezogene Daten, die wir verarbeiten Wir verarbeiten personenbezogene Daten, wenn Sie unsere Website nutzen oder Kontakt mit uns aufnehmen. Die Daten, die wir erfassen k\u00f6nnen, sind unter anderem: Name E-Mail-Adresse IP-Adresse Daten \u00fcber Ihre Aktivit\u00e4ten auf unserer Website Browserdaten und [&hellip;]<\/p>\n","protected":false},"author":1,"featured_media":0,"parent":0,"menu_order":0,"comment_status":"closed","ping_status":"open","template":"","meta":{"_et_pb_use_builder":"on","_et_pb_old_content":"","_et_gb_content_width":"","footnotes":""},"class_list":["post-2993","page","type-page","status-publish","hentry"],"jetpack_sharing_enabled":true,"_links":{"self":[{"href":"https:\/\/growcap.nl\/de\/wp-json\/wp\/v2\/pages\/2993","targetHints":{"allow":["GET"]}}],"collection":[{"href":"https:\/\/growcap.nl\/de\/wp-json\/wp\/v2\/pages"}],"about":[{"href":"https:\/\/growcap.nl\/de\/wp-json\/wp\/v2\/types\/page"}],"author":[{"embeddable":true,"href":"https:\/\/growcap.nl\/de\/wp-json\/wp\/v2\/users\/1"}],"replies":[{"embeddable":true,"href":"https:\/\/growcap.nl\/de\/wp-json\/wp\/v2\/comments?post=2993"}],"version-history":[{"count":0,"href":"https:\/\/growcap.nl\/de\/wp-json\/wp\/v2\/pages\/2993\/revisions"}],"wp:attachment":[{"href":"https:\/\/growcap.nl\/de\/wp-json\/wp\/v2\/media?parent=2993"}],"curies":[{"name":"wp","href":"https:\/\/api.w.org\/{rel}","templated":true}]}}