{"id":279,"date":"2025-03-11T09:09:57","date_gmt":"2025-03-11T09:09:57","guid":{"rendered":"https:\/\/growcap.nl\/accueil\/"},"modified":"2026-03-28T11:54:41","modified_gmt":"2026-03-28T11:54:41","slug":"accueil","status":"publish","type":"page","link":"https:\/\/growcap.nl\/fr\/","title":{"rendered":"Accueil"},"content":{"rendered":"<p>[et_pb_section fb_built=\"1&Prime; admin_label=\"Hero\" _builder_version=\"4.27.6&Prime; _module_preset=\"74c69059-8e69-4122-b1e6-dfeabf6c5711&Prime; use_background_color_gradient=\"on\" background_color_gradient_stops=\"rgba(0,0,0,0.6) 90%|rgba(0,0,0,0.9) 100%\" background_color_gradient_overlays_image=\"on\" background_color_gradient_start=\"rgba(0,0,0,0.5)\" background_color_gradient_end=\"rgba(0,0,0,0.75)\" background_image=\"https:\/\/growcap.nl\/wp-content\/uploads\/2026\/03\/Banner-nieuwe-capsules-scaled.png\" max_height=\"1000px\" custom_margin=\"||0px||false|false\" custom_padding=\"1vw||1vw||true|false\" hover_enabled=\"0&Prime; locked=\"off\" collapsed=\"on\" global_colors_info=\"{}\" title_text=\"Banner nieuwe capsules\" sticky_enabled=\"0&Prime;][et_pb_row column_structure=\"2_3,1_3&Prime; _builder_version=\"4.27.4&Prime; _module_preset=\"5138c454-be54-4233-bd3b-f8e6a8747976&Prime; custom_margin=\"9px||||false|false\" global_colors_info=\"{}\"][et_pb_column type=\"2_3&Prime; _builder_version=\"4.16&Prime; _module_preset=\"73121f80-a3ef-4484-8763-c3f18e3c56d2&Prime; global_colors_info=\"{}\"][et_pb_heading title=\"100 % naturel\" _builder_version=\"4.27.4&Prime; _module_preset=\"f0c675ea-2574-4d0e-b725-30f8550a8550&Prime; title_level=\"h4&Prime; title_font=\"Poppins|Abril Fatface_weight||on|||||\" title_text_color=\"#FFFFFF\" title_font_size=\"14px\" title_letter_spacing=\"1px\" title_line_height=\"1.4em\" custom_margin=\"||10px||false|false\" title_font_size_tablet=\"13px\" title_font_size_phone=\"13px\" title_font_size_last_edited=\"on|desktop\" locked=\"off\" global_colors_info=\"{}\"][\/et_pb_heading][et_pb_heading title=\"Nutrition premium Growcap pour plantes\" _builder_version=\"4.24.2&Prime; _module_preset=\"ddeb8c09-9078-4424-bc15-2efb6572e28e\" title_font=\"Abril Fatface|Abril Fatface_weight|||||||\" title_text_color=\"#FFFFFF\" title_font_size=\"72px\" title_line_height=\"1.15em\" title_font_size_tablet=\"40px\" title_font_size_phone=\"24px\" title_font_size_last_edited=\"on|phone\" locked=\"off\" global_colors_info=\"{}\"][\/et_pb_heading][et_pb_text quote_border_color=\"#FFFFFF\" _builder_version=\"4.24.2&Prime; _module_preset=\"0504de1e-f5ff-4281-ba60-cbbe4edf98bc\" text_font=\"Poppins|Poppins_weight|||||||\" text_text_color=\"#FFFFFF\" text_line_height=\"1.75em\" link_font=\"||||on||||\" link_text_color=\"#FFFFFF\" quote_font=\"Abril Fatface|Abril Fatface_weight|||||||\" quote_text_color=\"#FFFFFF\" header_font=\"Abril Fatface|Abril Fatface_weight|||||||\" header_text_color=\"#FFFFFF\" header_font_size=\"72px\" header_line_height=\"1.15em\" header_2_font=\"Abril Fatface|Abril Fatface_weight|||||||\" header_2_text_color=\"#FFFFFF\" header_2_font_size=\"50px\" header_2_line_height=\"1.2em\" header_3_font=\"Abril Fatface|Abril Fatface_weight|||||||\" header_3_text_color=\"#FFFFFF\" header_3_font_size=\"32px\" header_3_line_height=\"1.3em\" header_4_font=\"Abril Fatface|Abril Fatface_weight|||||||\" header_4_text_color=\"#FFFFFF\" header_4_font_size=\"24px\" header_4_line_height=\"1.4em\" header_5_font=\"Abril Fatface|Abril Fatface_weight|||||||\" header_5_text_color=\"#FFFFFF\" header_5_font_size=\"18px\" header_5_line_height=\"1.4em\" header_6_font=\"Abril Fatface|Abril Fatface_weight|||||||\" header_6_text_color=\"#FFFFFF\" header_6_line_height=\"1.5em\" custom_margin=\"||||false|false\" text_font_size_tablet=\"15px\" text_font_size_phone=\"14px\" text_font_size_last_edited=\"on|phone\" header_font_size_tablet=\"40px\" header_font_size_phone=\"24px\" header_font_size_last_edited=\"on|desktop\" header_2_font_size_tablet=\"28px\" header_2_font_size_phone=\"20px\" header_2_font_size_last_edited=\"on|phone\" header_3_font_size_tablet=\"22px\" header_3_font_size_phone=\"17px\" header_3_font_size_last_edited=\"on|phone\" header_4_font_size_tablet=\"18px\" header_4_font_size_phone=\"15px\" header_4_font_size_last_edited=\"on|tablet\" header_5_font_size_tablet=\"15px\" header_5_font_size_phone=\"14px\" header_5_font_size_last_edited=\"on|desktop\" header_6_font_size_tablet=\"13px\" header_6_font_size_phone=\"13px\" header_6_font_size_last_edited=\"on|desktop\" locked=\"off\" global_colors_info=\"{}\"]<\/p>\n<p>D\u00e9couvre comment Growcap a transform\u00e9 le monde de la nutrition des plantes avec ses capsules innovantes.<\/p>\n<p>[\/et_pb_text][et_pb_button button_url=\"https:\/\/growcap.nl\/index.php\/growcap\/\" button_text=\"En savoir plus\" _builder_version=\"4.27.4&Prime; _module_preset=\"ab15fb74-61a3-43aa-96b3-41e09aeef654&Prime; custom_button=\"on\" button_text_size=\"16px\" button_text_color=\"#22577a\" button_bg_color=\"#FFFFFF\" button_border_width=\"0px\" button_border_radius=\"100px\" button_font=\"Poppins|700|||||||\" custom_padding=\"12px|24px|12px|24px|true|true\" locked=\"off\" global_colors_info=\"{}\"][\/et_pb_button][\/et_pb_column][et_pb_column type=\"1_3&Prime; _builder_version=\"4.16&Prime; _module_preset=\"73121f80-a3ef-4484-8763-c3f18e3c56d2&Prime; global_colors_info=\"{}\"][\/et_pb_column][\/et_pb_row][et_pb_row column_structure=\"1_3,1_3,1_3&Prime; _builder_version=\"4.27.4&Prime; _module_preset=\"default\" global_colors_info=\"{}\"][et_pb_column type=\"1_3&Prime; _builder_version=\"4.27.4&Prime; _module_preset=\"default\" global_colors_info=\"{}\"][et_pb_blurb title=\"Couleurs naturelles\" use_icon=\"on\" _builder_version=\"4.27.4&Prime; header_font=\"|700||on|||||\" header_text_color=\"#FFFFFF\" header_font_size=\"19px\" header_letter_spacing=\"2px\" header_line_height=\"1.8em\" body_font=\"||||||||\" body_line_height=\"1.8em\" background_color=\"RGBA(255,255,255,0)\" locked=\"off\" global_colors_info=\"{}\"]<\/p>\n<p><span style=\"color: #ffffff;\">Growcap stimule les couleurs naturelles des plantes<\/span><\/p>\n<p>[\/et_pb_blurb][\/et_pb_column][et_pb_column type=\"1_3&Prime; _builder_version=\"4.27.4&Prime; _module_preset=\"default\" global_colors_info=\"{}\"][et_pb_blurb title=\"Nutrition professionnelle pour plantes\" use_icon=\"on\" _builder_version=\"4.27.4&Prime; header_font=\"|700||on|||||\" header_text_color=\"#FFFFFF\" header_font_size=\"19px\" header_letter_spacing=\"2px\" header_line_height=\"1.8em\" body_font=\"||||||||\" body_text_color=\"#FFFFFF\" body_line_height=\"1.8em\" global_colors_info=\"{}\"]<\/p>\n<p>Nutrition 100 % naturelle et certifi\u00e9e UE<\/p>\n<p>[\/et_pb_blurb][\/et_pb_column][et_pb_column type=\"1_3&Prime; _builder_version=\"4.27.4&Prime; _module_preset=\"default\" global_colors_info=\"{}\"][et_pb_blurb title=\"Croissance optimale des plantes\" use_icon=\"on\" _builder_version=\"4.27.4&Prime; header_font=\"|700||on|||||\" header_text_color=\"#FFFFFF\" header_font_size=\"19px\" header_letter_spacing=\"2px\" header_line_height=\"1.8em\" body_font=\"||||||||\" body_text_color=\"#FFFFFF\" body_line_height=\"1.8em\" locked=\"off\" global_colors_info=\"{}\"]<\/p>\n<p>Contient des bact\u00e9ries nitrifiantes pour une croissance optimale des plantes<\/p>\n<p>[\/et_pb_blurb][\/et_pb_column][\/et_pb_row][et_pb_row column_structure=\"1_2,1_2&Prime; _builder_version=\"4.27.4&Prime; _module_preset=\"default\" global_colors_info=\"{}\"][et_pb_column type=\"1_2&Prime; _builder_version=\"4.27.4&Prime; _module_preset=\"default\" global_colors_info=\"{}\"][et_pb_button button_url=\"https:\/\/growcap.nl\/fr\/points-de-vente-growcap\/\" url_new_window=\"on\" button_text=\"Trouvez un magasin \u00e0 proximit\u00e9\" _builder_version=\"4.27.4&Prime; _module_preset=\"ab15fb74-61a3-43aa-96b3-41e09aeef654&Prime; custom_button=\"on\" button_text_size=\"16px\" button_text_color=\"#22577a\" button_bg_color=\"#FFFFFF\" button_border_width=\"0px\" button_border_radius=\"100px\" button_font=\"Poppins|700|||||||\" custom_padding=\"12px|24px|12px|24px|true|true\" locked=\"off\" global_colors_info=\"{}\"][\/et_pb_button][\/et_pb_column][et_pb_column type=\"1_2&Prime; _builder_version=\"4.27.4&Prime; _module_preset=\"default\" global_colors_info=\"{}\"][et_pb_button button_url=\"https:\/\/growcap.nl\/fr\/growcap\/\" url_new_window=\"on\" button_text=\"Comment fonctionne Growcap\" _builder_version=\"4.27.4&Prime; _module_preset=\"ab15fb74-61a3-43aa-96b3-41e09aeef654&Prime; custom_button=\"on\" button_text_size=\"16px\" button_text_color=\"#22577a\" button_bg_color=\"#FFFFFF\" button_border_width=\"0px\" button_border_radius=\"100px\" button_font=\"Poppins|700|||||||\" custom_padding=\"12px|24px|12px|24px|true|true\" locked=\"off\" global_colors_info=\"{}\"][\/et_pb_button][\/et_pb_column][\/et_pb_row][\/et_pb_section][et_pb_section fb_built=\"1&Prime; admin_label=\"About\" _builder_version=\"4.27.4&Prime; background_color=\"#f7f7f7&Prime; custom_margin=\"-2px|||||\" custom_padding=\"26px||0px||false|\" collapsed=\"off\" global_colors_info=\"{}\"][et_pb_row column_structure=\"1_3,2_3&Prime; make_equal=\"on\" padding_top_bottom_link_2=\"false\" padding_left_right_link_2=\"false\" _builder_version=\"4.27.4&Prime; background_color=\"#f7f7f7&Prime; width=\"100%\" max_width=\"100%\" min_height=\"1320.4px\" custom_margin=\"|auto|-4px|auto||\" custom_padding=\"1px||1px||true|\" use_custom_width=\"on\" width_unit=\"off\" custom_width_percent=\"100%\" global_colors_info=\"{}\"][et_pb_column type=\"1_3&Prime; _builder_version=\"4.27.4&Prime; background_enable_image=\"off\" background_size=\"initial\" custom_padding=\"|||\" global_colors_info=\"{}\" custom_padding__hover=\"|||\"][et_pb_video src=\"https:\/\/growcap.nl\/wp-content\/uploads\/2025\/11\/text-to-video-88396c6e.mp4&Prime; disabled_on=\"on|off|off\" _builder_version=\"4.27.4&Prime; _module_preset=\"default\" global_colors_info=\"{}\"][\/et_pb_video][\/et_pb_column][et_pb_column type=\"2_3&Prime; _builder_version=\"4.16&Prime; custom_padding=\"6vw|10vw|12vw|5vw\" custom_padding_tablet=\"|10%||10%||true\" custom_padding_phone=\"|3vw||3vw\" custom_padding_last_edited=\"on|tablet\" global_colors_info=\"{}\" padding_phone=\"|3vw||3vw\" padding_tablet=\"|10%||10%||true\" padding_last_edited=\"on|tablet\" custom_padding__hover=\"|||\"][et_pb_text _builder_version=\"4.27.4&Prime; text_font_size=\"26px\" header_font=\"||||||||\" header_2_font=\"Frank Ruhl Libre||||||||\" header_2_font_size=\"48px\" header_2_line_height=\"1.4em\" max_width=\"700px\" custom_margin=\"||11px|||\" header_2_font_size_tablet=\"\" header_2_font_size_phone=\"28px\" header_2_font_size_last_edited=\"on|desktop\" global_colors_info=\"{}\"]<\/p>\n<h1 data-start=\"98\" data-end=\"180\"><strong>D\u00e9couvrez la Puissance de GrowCap : LA Nutrition Compl\u00e8te pour Plantes de Votre Aquarium !<\/strong><\/h1>\n<p>[\/et_pb_text][et_pb_text _builder_version=\"4.27.4&Prime; text_font=\"||||||||\" text_font_size=\"20px\" text_line_height=\"1.8em\" max_width=\"700px\" custom_margin=\"||72px|||\" custom_padding=\"35px|||||\" global_colors_info=\"{}\"]<\/p>\n<p data-start=\"182\" data-end=\"518\">Vous recherchez un moyen simple et efficace de faire pousser vos plantes d&rsquo;aquarium de mani\u00e8re saine et luxuriante ? GrowCap offre LA solution ! Notre nutrition innovante pour plantes est sp\u00e9cialement d\u00e9velopp\u00e9e pour cr\u00e9er un aquarium color\u00e9 et favorable aux plantes \u2013 sans tracas, sans additifs chimiques et sans croissance excessive d&rsquo;algues.  <\/p>\n<p data-start=\"520\" data-end=\"830\">Gr\u00e2ce \u00e0 une formule unique, inspir\u00e9e par les \u00e9cosyst\u00e8mes naturels, GrowCap fournit \u00e0 vos plantes d&rsquo;aquarium tous les nutriments essentiels. Nos produits contiennent des micro-organismes b\u00e9n\u00e9fiques qui non seulement transportent la nutrition directement vers les racines, mais contribuent \u00e9galement \u00e0 un aquarium propre et sain. <\/p>\n<p data-start=\"832\" data-end=\"1054\"><strong data-start=\"832\" data-end=\"869\">Simple, complet et efficace :<\/strong><br data-start=\"869\" data-end=\"872\">\ud83c\udf3f <strong data-start=\"875\" data-end=\"895\">Capsules GrowCap<\/strong> \u2013 Nourris tes plantes directement aux racines pour une croissance optimale.<br data-start=\"956\" data-end=\"959\">\ud83d\udca7 <strong data-start=\"962\" data-end=\"991\">Nutrition liquide GrowCap<\/strong> \u2013 Maintenant disponible sur demande g\u00e9n\u00e9rale pour un boost suppl\u00e9mentaire !<\/p>\n<p data-start=\"1056\" data-end=\"1177\">Avec GrowCap, profitez sans effort d&rsquo;un aquarium magnifiquement vert et sans algues. Essayez-le vous-m\u00eame et ressentez la diff\u00e9rence ! <\/p>\n<p>[\/et_pb_text][et_pb_button button_url=\"https:\/\/growcap.nl\/fr\/points-de-vente-growcap\/\" url_new_window=\"on\" button_text=\"Trouvez un magasin \u00e0 proximit\u00e9\" _builder_version=\"4.27.4&Prime; _module_preset=\"ab15fb74-61a3-43aa-96b3-41e09aeef654&Prime; custom_button=\"on\" button_text_size=\"16px\" button_text_color=\"#22577a\" button_bg_color=\"#FFFFFF\" button_border_width=\"0px\" button_border_radius=\"100px\" button_font=\"Poppins|700|||||||\" custom_padding=\"12px|24px|12px|24px|true|true\" locked=\"off\" global_colors_info=\"{}\"][\/et_pb_button][\/et_pb_column][\/et_pb_row][\/et_pb_section]<\/p>\n","protected":false},"excerpt":{"rendered":"<p>D\u00e9couvre comment Growcap a transform\u00e9 le monde de la nutrition des plantes avec ses capsules innovantes.Growcap stimule les couleurs naturelles des plantesNutrition 100 % naturelle et certifi\u00e9e UEContient des bact\u00e9ries nitrifiantes pour une croissance optimale des plantesD\u00e9couvrez la Puissance de GrowCap : LA Nutrition Compl\u00e8te pour Plantes de Votre Aquarium !Vous recherchez un moyen simple [&hellip;]<\/p>\n","protected":false},"author":1,"featured_media":0,"parent":0,"menu_order":0,"comment_status":"closed","ping_status":"closed","template":"","meta":{"_et_pb_use_builder":"on","_et_pb_old_content":"","_et_gb_content_width":"","footnotes":""},"class_list":["post-279","page","type-page","status-publish","hentry"],"jetpack_sharing_enabled":true,"_links":{"self":[{"href":"https:\/\/growcap.nl\/fr\/wp-json\/wp\/v2\/pages\/279","targetHints":{"allow":["GET"]}}],"collection":[{"href":"https:\/\/growcap.nl\/fr\/wp-json\/wp\/v2\/pages"}],"about":[{"href":"https:\/\/growcap.nl\/fr\/wp-json\/wp\/v2\/types\/page"}],"author":[{"embeddable":true,"href":"https:\/\/growcap.nl\/fr\/wp-json\/wp\/v2\/users\/1"}],"replies":[{"embeddable":true,"href":"https:\/\/growcap.nl\/fr\/wp-json\/wp\/v2\/comments?post=279"}],"version-history":[{"count":35,"href":"https:\/\/growcap.nl\/fr\/wp-json\/wp\/v2\/pages\/279\/revisions"}],"predecessor-version":[{"id":3599,"href":"https:\/\/growcap.nl\/fr\/wp-json\/wp\/v2\/pages\/279\/revisions\/3599"}],"wp:attachment":[{"href":"https:\/\/growcap.nl\/fr\/wp-json\/wp\/v2\/media?parent=279"}],"curies":[{"name":"wp","href":"https:\/\/api.w.org\/{rel}","templated":true}]}}