{"id":2973,"date":"2025-03-11T08:51:35","date_gmt":"2025-03-11T08:51:35","guid":{"rendered":"https:\/\/growcap.nl\/politique-de-confidentialite\/"},"modified":"2025-11-18T12:27:22","modified_gmt":"2025-11-18T12:27:22","slug":"politique-de-confidentialite","status":"publish","type":"page","link":"https:\/\/growcap.nl\/fr\/politique-de-confidentialite\/","title":{"rendered":"Politique de confidentialit\u00e9"},"content":{"rendered":"<p>[et_pb_section admin_label=\"section\"]<br \/>\n\t\t\t[et_pb_row admin_label=\"ligne\"]<br \/>\n\t\t\t\t[et_pb_column type=\"4_4&Prime;][et_pb_text admin_label=\"Text\"]<\/p>\n\n<h2 class=\"wp-block-heading\">1. Responsable<\/h2>\n\n<p>Growcap International BV<br\/>Elzendreef 65<br\/>3145 LB Maassluis<br\/>Num\u00e9ro KvK : [\u00e0 compl\u00e9ter si souhait\u00e9]<br\/>Adresse e-mail : [\u00e0 compl\u00e9ter si souhait\u00e9]<\/p>\n\n<hr class=\"wp-block-separator has-alpha-channel-opacity\"\/>\n\n<h3 class=\"wp-block-heading\">2. Donn\u00e9es personnelles que nous traitons<\/h3>\n\n<p>Nous traitons les donn\u00e9es personnelles lorsque tu utilises notre site web ou que tu nous contactes. Les donn\u00e9es que nous pouvons collecter comprennent notamment : <\/p>\n\n<ul class=\"wp-block-list\">\n<li>Nom<\/li>\n\n\n\n<li>Adresse e-mail<\/li>\n\n\n\n<li>Adresse IP<\/li>\n\n\n\n<li>Donn\u00e9es concernant tes activit\u00e9s sur notre site web<\/li>\n\n\n\n<li>Donn\u00e9es du navigateur et informations sur l&rsquo;appareil<\/li>\n<\/ul>\n\n<hr class=\"wp-block-separator has-alpha-channel-opacity\"\/>\n\n<h3 class=\"wp-block-heading\">3. Finalit\u00e9s du traitement des donn\u00e9es<\/h3>\n\n<p>Nous traitons tes donn\u00e9es personnelles aux fins suivantes :<\/p>\n\n<ul class=\"wp-block-list\">\n<li>Pour te contacter si tu remplis un formulaire de contact ou nous envoies un e-mail<\/li>\n\n\n\n<li>Pour am\u00e9liorer le fonctionnement de notre site web<\/li>\n\n\n\n<li>Pour analyser l&rsquo;utilisation du site web \u00e0 l&rsquo;aide de Google Analytics<\/li>\n<\/ul>\n\n<hr class=\"wp-block-separator has-alpha-channel-opacity\"\/>\n\n<h3 class=\"wp-block-heading\">4. Utilisation de Google Analytics<\/h3>\n\n<p>Growcap.nl utilise <strong>Google Analytics<\/strong> pour comprendre l&rsquo;utilisation du site web. Google Analytics collecte notamment des informations sur le temps que tu passes sur le site, les pages que tu visites et le canal par lequel tu es arriv\u00e9 sur le site. <\/p>\n\n<p>Nous avons conclu un accord de traitement avec Google et les adresses IP sont anonymis\u00e9es. De plus, nous avons d\u00e9sactiv\u00e9 la fonction \"partage de donn\u00e9es\" avec Google. Les cookies de Google Analytics ne sont plac\u00e9s que si tu y consens via notre banni\u00e8re de cookies.  <\/p>\n\n<p>Plus d&rsquo;informations sur la fa\u00e7on dont Google traite les donn\u00e9es sont disponibles sur :<br\/><a>https:\/\/policies.google.com\/privacy<\/a><\/p>\n\n<hr class=\"wp-block-separator has-alpha-channel-opacity\"\/>\n\n<h3 class=\"wp-block-heading\">5. Dur\u00e9e de conservation<\/h3>\n\n<p>Nous ne conservons pas tes donn\u00e9es personnelles plus longtemps que n\u00e9cessaire pour atteindre les objectifs pour lesquels elles sont collect\u00e9es, sauf obligation l\u00e9gale de conservation plus longue.<\/p>\n\n<hr class=\"wp-block-separator has-alpha-channel-opacity\"\/>\n\n<h3 class=\"wp-block-heading\">6. Partage des donn\u00e9es personnelles avec des tiers<\/h3>\n\n<p>Nous ne transmettons pas tes donn\u00e9es \u00e0 des tiers, sauf si cela est n\u00e9cessaire pour l&rsquo;ex\u00e9cution de nos services ou pour respecter une obligation l\u00e9gale.<\/p>\n\n<hr class=\"wp-block-separator has-alpha-channel-opacity\"\/>\n\n<h3 class=\"wp-block-heading\">7. Cookies<\/h3>\n\n<p>Nous utilisons des cookies fonctionnels et analytiques. Les cookies fonctionnels sont n\u00e9cessaires au bon fonctionnement du site web. Les cookies analytiques (comme ceux de Google Analytics) nous aident \u00e0 am\u00e9liorer le site.  <\/p>\n\n<p>Lors de ta premi\u00e8re visite sur notre site web, nous demandons ton consentement pour placer des cookies analytiques.<\/p>\n\n<hr class=\"wp-block-separator has-alpha-channel-opacity\"\/>\n\n<h3 class=\"wp-block-heading\">8. Droits des personnes concern\u00e9es<\/h3>\n\n<p>Tu as le droit de consulter, corriger ou supprimer tes donn\u00e9es personnelles. Tu as \u00e9galement le droit de t&rsquo;opposer au traitement et de demander la limitation ou le transfert de tes donn\u00e9es. <\/p>\n\n<p>Pour toute demande ou question concernant tes donn\u00e9es, tu peux nous contacter via :<\/p>\n\n<p>\u2709\ufe0f E-mail : info@growcap.nl<br\/>\ud83d\udccd Adresse : Elzendreef 65, 3145 LB Maassluis<\/p>\n\n<hr class=\"wp-block-separator has-alpha-channel-opacity\"\/>\n\n<h3 class=\"wp-block-heading\">9. S\u00e9curit\u00e9<\/h3>\n\n<p>Nous prenons des mesures appropri\u00e9es pour pr\u00e9venir l&rsquo;utilisation abusive, la perte, l&rsquo;acc\u00e8s non autoris\u00e9 ou d&rsquo;autres actions ind\u00e9sirables avec les donn\u00e9es personnelles.<\/p>\n\n<hr class=\"wp-block-separator has-alpha-channel-opacity\"\/>\n\n<h3 class=\"wp-block-heading\">10. Modifications<\/h3>\n\n<p>Growcap International BV se r\u00e9serve le droit de modifier cette politique de confidentialit\u00e9. La version la plus r\u00e9cente est toujours disponible sur cette page. <\/p>\n\n<p><\/p>\n<p>[\/et_pb_text][\/et_pb_column]<br \/>\n\t\t\t[\/et_pb_row]<br \/>\n\t\t[\/et_pb_section]<\/p>\n","protected":false},"excerpt":{"rendered":"<p>1. Responsable Growcap International BVElzendreef 653145 LB MaassluisNum\u00e9ro KvK : [\u00e0 compl\u00e9ter si souhait\u00e9]Adresse e-mail : [\u00e0 compl\u00e9ter si souhait\u00e9] 2. Donn\u00e9es personnelles que nous traitons Nous traitons les donn\u00e9es personnelles lorsque tu utilises notre site web ou que tu nous contactes. Les donn\u00e9es que nous pouvons collecter comprennent notamment : Nom Adresse e-mail Adresse [&hellip;]<\/p>\n","protected":false},"author":1,"featured_media":0,"parent":0,"menu_order":0,"comment_status":"closed","ping_status":"open","template":"","meta":{"_et_pb_use_builder":"on","_et_pb_old_content":"","_et_gb_content_width":"","footnotes":""},"class_list":["post-2973","page","type-page","status-publish","hentry"],"jetpack_sharing_enabled":true,"_links":{"self":[{"href":"https:\/\/growcap.nl\/fr\/wp-json\/wp\/v2\/pages\/2973","targetHints":{"allow":["GET"]}}],"collection":[{"href":"https:\/\/growcap.nl\/fr\/wp-json\/wp\/v2\/pages"}],"about":[{"href":"https:\/\/growcap.nl\/fr\/wp-json\/wp\/v2\/types\/page"}],"author":[{"embeddable":true,"href":"https:\/\/growcap.nl\/fr\/wp-json\/wp\/v2\/users\/1"}],"replies":[{"embeddable":true,"href":"https:\/\/growcap.nl\/fr\/wp-json\/wp\/v2\/comments?post=2973"}],"version-history":[{"count":0,"href":"https:\/\/growcap.nl\/fr\/wp-json\/wp\/v2\/pages\/2973\/revisions"}],"wp:attachment":[{"href":"https:\/\/growcap.nl\/fr\/wp-json\/wp\/v2\/media?parent=2973"}],"curies":[{"name":"wp","href":"https:\/\/api.w.org\/{rel}","templated":true}]}}