{"id":317,"date":"2025-03-11T08:51:35","date_gmt":"2025-03-11T08:51:35","guid":{"rendered":"https:\/\/growcap.nl\/growcap\/"},"modified":"2026-03-28T12:17:11","modified_gmt":"2026-03-28T12:17:11","slug":"growcap","status":"publish","type":"page","link":"https:\/\/growcap.nl\/fr\/growcap\/","title":{"rendered":"Comment fonctionne Growcap"},"content":{"rendered":"<p>[et_pb_section fb_built=\"1&Prime; admin_label=\"Hero\" _builder_version=\"4.27.4&Prime; _module_preset=\"74c69059-8e69-4122-b1e6-dfeabf6c5711&Prime; background_color=\"#f7f7f7&Prime; use_background_color_gradient=\"on\" background_color_gradient_stops=\"rgba(0,0,0,0.6) 90%|rgba(0,0,0,0.9) 100%\" background_color_gradient_overlays_image=\"on\" background_color_gradient_start=\"rgba(0,0,0,0.5)\" background_color_gradient_end=\"rgba(0,0,0,0.75)\" background_image=\"https:\/\/growcap.nl\/wp-content\/uploads\/2025\/11\/brookstone-foto-scaled.jpg\" background_position=\"center_left\" max_height=\"1000px\" custom_margin=\"||0px||false|false\" custom_padding=\"5vw||5vw||true|false\" locked=\"off\" collapsed=\"on\" global_colors_info=\"{}\"][et_pb_row column_structure=\"2_3,1_3&Prime; _builder_version=\"4.27.4&Prime; _module_preset=\"5138c454-be54-4233-bd3b-f8e6a8747976&Prime; custom_margin=\"9px||||false|false\" global_colors_info=\"{}\"][et_pb_column type=\"2_3&Prime; _builder_version=\"4.16&Prime; _module_preset=\"73121f80-a3ef-4484-8763-c3f18e3c56d2&Prime; global_colors_info=\"{}\"][et_pb_heading title=\"100 % naturel\" _builder_version=\"4.27.4&Prime; _module_preset=\"f0c675ea-2574-4d0e-b725-30f8550a8550&Prime; title_level=\"h4&Prime; title_font=\"Poppins|Abril Fatface_weight||on|||||\" title_text_color=\"#FFFFFF\" title_font_size=\"14px\" title_letter_spacing=\"1px\" title_line_height=\"1.4em\" custom_margin=\"||10px||false|false\" title_font_size_tablet=\"13px\" title_font_size_phone=\"13px\" title_font_size_last_edited=\"on|desktop\" locked=\"off\" global_colors_info=\"{}\"][\/et_pb_heading][et_pb_heading title=\"Comment fonctionne Growcap ?\" _builder_version=\"4.24.2&Prime; _module_preset=\"ddeb8c09-9078-4424-bc15-2efb6572e28e\" title_font=\"Abril Fatface|Abril Fatface_weight|||||||\" title_text_color=\"#FFFFFF\" title_font_size=\"72px\" title_line_height=\"1.15em\" title_font_size_tablet=\"40px\" title_font_size_phone=\"24px\" title_font_size_last_edited=\"on|phone\" locked=\"off\" global_colors_info=\"{}\"][\/et_pb_heading][et_pb_text quote_border_color=\"#FFFFFF\" _builder_version=\"4.27.4&Prime; _module_preset=\"0504de1e-f5ff-4281-ba60-cbbe4edf98bc\" text_font=\"Poppins|Poppins_weight|||||||\" text_text_color=\"#FFFFFF\" text_line_height=\"1.75em\" link_font=\"||||on||||\" link_text_color=\"#FFFFFF\" quote_font=\"Abril Fatface|Abril Fatface_weight|||||||\" quote_text_color=\"#FFFFFF\" header_font=\"Abril Fatface|Abril Fatface_weight|||||||\" header_text_color=\"#FFFFFF\" header_font_size=\"72px\" header_line_height=\"1.15em\" header_2_font=\"Abril Fatface|Abril Fatface_weight|||||||\" header_2_text_color=\"#FFFFFF\" header_2_font_size=\"50px\" header_2_line_height=\"1.2em\" header_3_font=\"Abril Fatface|Abril Fatface_weight|||||||\" header_3_text_color=\"#FFFFFF\" header_3_font_size=\"32px\" header_3_line_height=\"1.3em\" header_4_font=\"Abril Fatface|Abril Fatface_weight|||||||\" header_4_text_color=\"#FFFFFF\" header_4_font_size=\"24px\" header_4_line_height=\"1.4em\" header_5_font=\"Abril Fatface|Abril Fatface_weight|||||||\" header_5_text_color=\"#FFFFFF\" header_5_font_size=\"18px\" header_5_line_height=\"1.4em\" header_6_font=\"Abril Fatface|Abril Fatface_weight|||||||\" header_6_text_color=\"#FFFFFF\" header_6_line_height=\"1.5em\" custom_margin=\"||||false|false\" text_font_size_tablet=\"15px\" text_font_size_phone=\"14px\" text_font_size_last_edited=\"on|phone\" header_font_size_tablet=\"40px\" header_font_size_phone=\"24px\" header_font_size_last_edited=\"on|desktop\" header_2_font_size_tablet=\"28px\" header_2_font_size_phone=\"20px\" header_2_font_size_last_edited=\"on|phone\" header_3_font_size_tablet=\"22px\" header_3_font_size_phone=\"17px\" header_3_font_size_last_edited=\"on|phone\" header_4_font_size_tablet=\"18px\" header_4_font_size_phone=\"15px\" header_4_font_size_last_edited=\"on|tablet\" header_5_font_size_tablet=\"15px\" header_5_font_size_phone=\"14px\" header_5_font_size_last_edited=\"on|desktop\" header_6_font_size_tablet=\"13px\" header_6_font_size_phone=\"13px\" header_6_font_size_last_edited=\"on|desktop\" locked=\"off\" global_colors_info=\"{}\"]<\/p>\n<p>D\u00e9couvre tout sur le fonctionnement de la formule Growcap<\/p>\n<p>[\/et_pb_text][\/et_pb_column][et_pb_column type=\"1_3&Prime; _builder_version=\"4.16&Prime; _module_preset=\"73121f80-a3ef-4484-8763-c3f18e3c56d2&Prime; global_colors_info=\"{}\"][\/et_pb_column][\/et_pb_row][\/et_pb_section][et_pb_section fb_built=\"1&Prime; _builder_version=\"4.27.4&Prime; _module_preset=\"default\" background_color=\"#f7f7f7&Prime; min_height=\"2952.5px\" custom_margin=\"-7px|||||\" custom_padding=\"0px|||||\" global_colors_info=\"{}\"][et_pb_row _builder_version=\"4.27.4&Prime; _dynamic_attributes=\"link_option_url\" _module_preset=\"default\" link_option_url=\"@ET-DC@eyJkeW5hbWljIjp0cnVlLCJjb250ZW50IjoicG9zdF9tZXRhX2tleSIsInNldHRpbmdzIjp7ImJlZm9yZSI6IiIsImFmdGVyIjoiIiwibWV0YV9rZXkiOiIjY2Fwc3VsZXMifX0=@\" global_colors_info=\"{}\"][et_pb_column type=\"4_4&Prime; _builder_version=\"4.27.4&Prime; _module_preset=\"default\" global_colors_info=\"{}\"][et_pb_video src=\"https:\/\/growcap.nl\/wp-content\/uploads\/2025\/11\/All-in-one-plantfertilizer-in-capsule-and-liquid-form.mp4&Prime; _builder_version=\"4.27.4&Prime; _module_preset=\"default\" global_colors_info=\"{}\"][\/et_pb_video][\/et_pb_column][\/et_pb_row][et_pb_row _builder_version=\"4.27.4&Prime; _dynamic_attributes=\"link_option_url\" _module_preset=\"default\" link_option_url=\"@ET-DC@eyJkeW5hbWljIjp0cnVlLCJjb250ZW50IjoicG9zdF9tZXRhX2tleSIsInNldHRpbmdzIjp7ImJlZm9yZSI6IiIsImFmdGVyIjoiIiwibWV0YV9rZXkiOiIjY2Fwc3VsZXMifX0=@\" global_colors_info=\"{}\"][et_pb_column type=\"4_4&Prime; _builder_version=\"4.27.4&Prime; _module_preset=\"default\" global_colors_info=\"{}\"][et_pb_text module_id=\"capsules\" _builder_version=\"4.27.4&Prime; _module_preset=\"default\" custom_padding=\"0px|||||\" global_colors_info=\"{}\"]<\/p>\n<h1><span style=\"font-size: xx-large;\">Capsules Growcap<\/span><\/h1>\n<p>&nbsp;<\/p>\n<p><span style=\"font-size: large; font-family: inherit; font-weight: normal;\">Les capsules sont faciles \u00e0 utiliser. Plantez les capsules dans le substrat de l&rsquo;aquarium et les capsules font le reste.  <\/span><\/p>\n<p><span style=\"font-family: inherit; font-weight: normal; font-size: large;\">Gr\u00e2ce \u00e0 la diffusion des nutriments dans le substrat, les racines des plantes d&rsquo;aquarium re\u00e7oivent directement tous les nutriments n\u00e9cessaires.<\/span><\/p>\n<p><span style=\"font-family: inherit; font-weight: normal; font-size: large;\"> Ils peuvent ainsi cro\u00eetre de mani\u00e8re optimale et vous pouvez profiter de plantes color\u00e9es. Gr\u00e2ce \u00e0 la lib\u00e9ration dos\u00e9e des nutriments par les bact\u00e9ries, nous obtenons les conditions les plus optimales pour une croissance saine des plantes. <\/span><span style=\"font-family: inherit; font-weight: normal; font-size: large;\"><\/span><\/p>\n<p><span style=\"font-size: large; font-family: inherit; font-weight: normal;\"><\/span><\/p>\n<p><span style=\"font-size: large;\"><span style=\"font-family: inherit; font-weight: normal;\">Apr\u00e8s environ 10 semaines, les capsules sont \u00ab \u00e9puis\u00e9es \u00bb, vous pouvez alors planter de nouvelles capsules dans le substrat.<\/span> <\/span><\/p>\n<p><span style=\"font-size: large;\"><\/span><\/p>\n<p><span style=\"font-size: large;\"><\/span><\/p>\n<p>[\/et_pb_text][\/et_pb_column][\/et_pb_row][et_pb_row _builder_version=\"4.27.6&Prime; _module_preset=\"default\" global_colors_info=\"{}\"][et_pb_column type=\"4_4&Prime; _builder_version=\"4.27.6&Prime; _module_preset=\"default\" global_colors_info=\"{}\"][et_pb_image src=\"https:\/\/growcap.nl\/wp-content\/uploads\/2026\/03\/assortiment-NL-scaled.png\" title_text=\"assortiment NL\" _builder_version=\"4.27.6&Prime; _module_preset=\"default\" global_colors_info=\"{}\"][\/et_pb_image][\/et_pb_column][\/et_pb_row][et_pb_row column_structure=\"3_5,2_5&Prime; _builder_version=\"4.27.4&Prime; _module_preset=\"default\" global_colors_info=\"{}\"][et_pb_column type=\"3_5&Prime; _builder_version=\"4.27.4&Prime; _module_preset=\"default\" global_colors_info=\"{}\"][et_pb_text _builder_version=\"4.27.4&Prime; _module_preset=\"default\" text_font=\"||||||||\" text_text_color=\"#000000&Prime; text_font_size=\"19px\" global_colors_info=\"{}\"]<\/p>\n<p>Growcap se distingue en \u00e9tant le seul \u00e0 proposer une nutrition compl\u00e8te des plantes sous forme de capsules.<\/p>\n<p>De nombreuses autres capsules sur le march\u00e9 contiennent principalement du fer ou des granul\u00e9s argileux. Celles-ci soutiennent la croissance des plantes mais manquent de substances importantes, ce qui rend la nutrition liquide toujours n\u00e9cessaire. <\/p>\n<p><strong>Avec les capsules Growcap, c&rsquo;est du pass\u00e9.<\/strong><\/p>\n<p>Toutes les 10 semaines : 1 capsule pour 20 litres d\u2019eau si l\u2019aquarium est tr\u00e8s plant\u00e9<\/p>\n<p>Toutes les 10 semaines : 1 capsule pour 40 litres d\u2019eau si l\u2019aquarium est peu plant\u00e9 ou sans CO2.<\/p>\n<p>&nbsp;<\/p>\n<p>[\/et_pb_text][\/et_pb_column][et_pb_column type=\"2_5&Prime; _builder_version=\"4.27.4&Prime; _module_preset=\"default\" global_colors_info=\"{}\"][et_pb_image src=\"https:\/\/growcap.nl\/wp-content\/uploads\/2026\/03\/NL-12-met-losse-capsules-scaled.png\" title_text=\"NL 12 avec capsules individuelles\" _builder_version=\"4.27.6&Prime; _module_preset=\"default\" background_color=\"#f7f7f7&Prime; width=\"100%\" custom_margin=\"||-3px|||\" global_colors_info=\"{}\"][\/et_pb_image][\/et_pb_column][\/et_pb_row][et_pb_row _builder_version=\"4.27.4&Prime; _module_preset=\"default\" global_colors_info=\"{}\"][et_pb_column type=\"4_4&Prime; _builder_version=\"4.27.4&Prime; _module_preset=\"default\" global_colors_info=\"{}\"][et_pb_text _builder_version=\"4.27.4&Prime; _module_preset=\"default\" text_font_size=\"19px\" global_colors_info=\"{}\"]<\/p>\n<p>L&rsquo;exemple d&rsquo;un magnifique aquarium avec des plantes d&rsquo;aquarium saines chez l&rsquo;un de nos utilisateurs enthousiastes de Growcap.<\/p>\n<p>[\/et_pb_text][et_pb_video src=\"https:\/\/growcap.nl\/wp-content\/uploads\/2025\/11\/dc2af13c-856a-41ed-a89d-19638549dd57.mp4&Prime; _builder_version=\"4.27.4&Prime; _module_preset=\"default\" global_colors_info=\"{}\"][\/et_pb_video][\/et_pb_column][\/et_pb_row][et_pb_row _builder_version=\"4.27.4&Prime; _module_preset=\"default\" global_colors_info=\"{}\"][et_pb_column type=\"4_4&Prime; _builder_version=\"4.27.4&Prime; _module_preset=\"default\" global_colors_info=\"{}\"][et_pb_heading title=\"Growcap Nutrition liquide des plantes\" _builder_version=\"4.27.4&Prime; _module_preset=\"default\" global_colors_info=\"{}\"][\/et_pb_heading][\/et_pb_column][\/et_pb_row][et_pb_row column_structure=\"1_3,2_3&Prime; _builder_version=\"4.27.4&Prime; _module_preset=\"default\" global_colors_info=\"{}\"][et_pb_column type=\"1_3&Prime; _builder_version=\"4.27.4&Prime; _module_preset=\"default\" global_colors_info=\"{}\"][et_pb_text _builder_version=\"4.27.4&Prime; _module_preset=\"default\" text_font_size=\"19px\" global_colors_info=\"{}\"]<\/p>\n<h1><span style=\"font-size: large;\">La Nutrition liquide des plantes Growcap contient les m\u00eames nutriments que les capsules. <\/span><\/h1>\n<p><span style=\"font-size: large;\">Mais elle est facile \u00e0 doser soi-m\u00eame avec le gobelet doseur ou \u00e0 connecter \u00e0 un syst\u00e8me de dosage.<\/span><\/p>\n<p><span style=\"font-size: large;\">Le dosage peut \u00eatre quotidien ou hebdomadaire. Consultez le tableau de conversion pour un guide pratique par volume d&rsquo;aquarium.  <\/span><\/p>\n<p><span style=\"font-size: large;\">Attention : un aquarium de 100 litres n&rsquo;a pas r\u00e9ellement 100 litres de contenu en eau, les d\u00e9corations et le gravier r\u00e9duisent ce volume.<\/span><\/p>\n<p><span style=\"font-size: large;\">Cela \u00e9vite le surdosage de la nutrition des plantes.<\/span><\/p>\n<p><span style=\"font-size: large;\"> <\/span><\/p>\n<p>[\/et_pb_text][\/et_pb_column][et_pb_column type=\"2_3&Prime; _builder_version=\"4.27.4&Prime; _module_preset=\"default\" global_colors_info=\"{}\"][et_pb_image src=\"https:\/\/growcap.nl\/wp-content\/uploads\/2025\/11\/FLESSEN-TRANS-1.png\" title_text=\"BOUTEILLES TRANS (1)\" _builder_version=\"4.27.4&Prime; _module_preset=\"default\" animation_style=\"fold\" global_colors_info=\"{}\"][\/et_pb_image][\/et_pb_column][\/et_pb_row][et_pb_row column_structure=\"1_2,1_2&Prime; _builder_version=\"4.27.4&Prime; _module_preset=\"default\" custom_margin=\"-13px|auto||auto||\" global_colors_info=\"{}\"][et_pb_column type=\"1_2&Prime; _builder_version=\"4.27.4&Prime; _module_preset=\"default\" global_colors_info=\"{}\"][et_pb_heading title=\"Comment doser ?\" _builder_version=\"4.27.4&Prime; _module_preset=\"default\" global_colors_info=\"{}\"][\/et_pb_heading][et_pb_text _builder_version=\"4.27.4&Prime; _module_preset=\"default\" text_font_size=\"19px\" global_colors_info=\"{}\"]<\/p>\n<p><strong>Pas de syst\u00e8me CO2 ou aquarium peu plant\u00e9 ?<\/strong><\/p>\n<p><span style=\"font-size: large;\">Dosez 10 ml par semaine pour 100 litres<\/span><\/p>\n<p><strong>Avec CO2 ou aquarium dens\u00e9ment plant\u00e9 ?<\/strong><\/p>\n<p>Dosez 20 ml par semaine pour 100 litres<\/p>\n<p>[\/et_pb_text][\/et_pb_column][et_pb_column type=\"1_2&Prime; _builder_version=\"4.27.4&Prime; _module_preset=\"default\" global_colors_info=\"{}\"][et_pb_toggle title=\"Tableau de conversion Aquarium avec CO2&Prime; open_toggle_text_color=\"#000000&Prime; _builder_version=\"4.27.4&Prime; _module_preset=\"default\" title_level=\"h2&Prime; global_colors_info=\"{}\"]<\/p>\n<table border=\"1\" style=\"border-collapse: collapse; width: 100%;\">\n<tbody>\n<tr>\n<td style=\"width: 50%;\"><strong>Quotidien<\/strong><\/td>\n<td style=\"width: 50%;\"><strong>Hebdomadaire<\/strong><\/td>\n<\/tr>\n<tr>\n<td style=\"width: 50%;\">6 ml pour 200 litres<\/td>\n<td style=\"width: 50%;\">40 ml pour 200 litres<\/td>\n<\/tr>\n<tr>\n<td style=\"width: 50%;\">3 ml pour 100 litres<\/td>\n<td style=\"width: 50%;\">20 ml pour 100 litres<\/td>\n<\/tr>\n<tr>\n<td style=\"width: 50%;\">1,5 ml pour 50 litres<\/td>\n<td style=\"width: 50%;\">10 ml pour 50 litres<\/td>\n<\/tr>\n<\/tbody>\n<\/table>\n<p>[\/et_pb_toggle][et_pb_toggle title=\"Tableau de conversion sans CO2 ou peu de plantes\" _builder_version=\"4.27.4&Prime; _module_preset=\"default\" title_level=\"h2&Prime; global_colors_info=\"{}\"]<\/p>\n<table border=\"1\" style=\"border-collapse: collapse; width: 100%;\">\n<tbody>\n<tr>\n<td style=\"width: 50%;\"><strong>Quotidien<\/strong><\/td>\n<td style=\"width: 50%;\"><strong>Hebdomadaire<\/strong><\/td>\n<\/tr>\n<tr>\n<td style=\"width: 50%;\">3 ml pour 200 litres<\/td>\n<td style=\"width: 50%;\">20 ml pour 200 litres<\/td>\n<\/tr>\n<tr>\n<td style=\"width: 50%;\">1,5 ml pour 100 litres<\/td>\n<td style=\"width: 50%;\">10 ml pour 100 litres<\/td>\n<\/tr>\n<tr>\n<td style=\"width: 50%;\">0,5 ml pour 50 litres<\/td>\n<td style=\"width: 50%;\">5 ml pour 50 litres<\/td>\n<\/tr>\n<\/tbody>\n<\/table>\n<p>[\/et_pb_toggle][\/et_pb_column][\/et_pb_row][\/et_pb_section]<\/p>\n","protected":false},"excerpt":{"rendered":"<p>D\u00e9couvre tout sur le fonctionnement de la formule GrowcapCapsules Growcap &nbsp; Les capsules sont faciles \u00e0 utiliser. Plantez les capsules dans le substrat de l&rsquo;aquarium et les capsules font le reste. Gr\u00e2ce \u00e0 la diffusion des nutriments dans le substrat, les racines des plantes d&rsquo;aquarium re\u00e7oivent directement tous les nutriments n\u00e9cessaires. Ils peuvent ainsi cro\u00eetre [&hellip;]<\/p>\n","protected":false},"author":1,"featured_media":0,"parent":0,"menu_order":0,"comment_status":"closed","ping_status":"closed","template":"","meta":{"_et_pb_use_builder":"on","_et_pb_old_content":"","_et_gb_content_width":"","footnotes":""},"class_list":["post-317","page","type-page","status-publish","hentry"],"jetpack_sharing_enabled":true,"_links":{"self":[{"href":"https:\/\/growcap.nl\/fr\/wp-json\/wp\/v2\/pages\/317","targetHints":{"allow":["GET"]}}],"collection":[{"href":"https:\/\/growcap.nl\/fr\/wp-json\/wp\/v2\/pages"}],"about":[{"href":"https:\/\/growcap.nl\/fr\/wp-json\/wp\/v2\/types\/page"}],"author":[{"embeddable":true,"href":"https:\/\/growcap.nl\/fr\/wp-json\/wp\/v2\/users\/1"}],"replies":[{"embeddable":true,"href":"https:\/\/growcap.nl\/fr\/wp-json\/wp\/v2\/comments?post=317"}],"version-history":[{"count":27,"href":"https:\/\/growcap.nl\/fr\/wp-json\/wp\/v2\/pages\/317\/revisions"}],"predecessor-version":[{"id":3650,"href":"https:\/\/growcap.nl\/fr\/wp-json\/wp\/v2\/pages\/317\/revisions\/3650"}],"wp:attachment":[{"href":"https:\/\/growcap.nl\/fr\/wp-json\/wp\/v2\/media?parent=317"}],"curies":[{"name":"wp","href":"https:\/\/api.w.org\/{rel}","templated":true}]}}